{"id":1008,"date":"2025-04-11T14:33:49","date_gmt":"2025-04-11T12:33:49","guid":{"rendered":"https:\/\/indologia.uw.edu.pl\/nowa\/?page_id=1008"},"modified":"2026-03-27T14:37:41","modified_gmt":"2026-03-27T13:37:41","slug":"dyzury-pracownikow","status":"publish","type":"page","link":"https:\/\/indologia.uw.edu.pl\/en\/dla-studentow\/dyzury-pracownikow\/","title":{"rendered":"Staff office hours"},"content":{"rendered":"<h2 class=\"wp-block-heading has-text-align-center\">Semestr letni 2025\/2026<\/h2>\n\n\n\n<h3 class=\"wp-block-heading has-text-align-center has-header-gradient-color has-text-color has-link-color has-medium-font-size wp-elements-8af199d953a5636c8432f8cf09e7c83d\">Prior appointment by email is required.<\/h3>\n\n\n\n<div id=\"wp-block-themeisle-blocks-advanced-columns-c00aadba\" class=\"wp-block-themeisle-blocks-advanced-columns alignfull has-2-columns has-desktop-equal-layout has-tablet-equal-layout has-mobile-collapsedRows-layout has-vertical-center ticss-c00aadba\"><div class=\"wp-block-themeisle-blocks-advanced-columns-overlay\"><\/div><div class=\"innerblocks-wrap\">\n<div id=\"wp-block-themeisle-blocks-advanced-column-41c8770c\" class=\"wp-block-themeisle-blocks-advanced-column\"><div class=\"wp-block-image is-style-rounded\">\n<figure class=\"aligncenter size-full is-resized\" style=\"margin-bottom:var(--wp--preset--spacing--80)\"><img decoding=\"async\" src=\"https:\/\/indologia.uw.edu.pl\/wp-content\/uploads\/2025\/04\/dyzury-pracownikow.-.jpg\" alt=\"\" class=\"wp-image-1049\" style=\"aspect-ratio:1;width:240px;height:auto\"\/><\/figure>\n<\/div>\n\n\n<p id=\"wp-block-themeisle-blocks-advanced-heading-ad44c57d\" class=\"wp-block-themeisle-blocks-advanced-heading wp-block-themeisle-blocks-advanced-heading-ad44c57d\"><strong>Dr. hab. Jacek Wo\u017aniak<\/strong><\/p>\n\n\n\n<p class=\"has-text-align-center has-accent-color has-text-color has-link-color has-medium-font-size wp-elements-951e71b30155fa93661ecc01e33e5734\">Head of the Chair of South Asian Studies<\/p>\n\n\n\n<p id=\"wp-block-themeisle-blocks-advanced-heading-d3f7e3db\" class=\"wp-block-themeisle-blocks-advanced-heading wp-block-themeisle-blocks-advanced-heading-d3f7e3db\">FRIDAY, 11.15-12.15, room 340<\/p>\n<\/div>\n\n\n\n<div id=\"wp-block-themeisle-blocks-advanced-column-82532c60\" class=\"wp-block-themeisle-blocks-advanced-column\"><div class=\"wp-block-image is-style-rounded\">\n<figure class=\"aligncenter size-full is-resized\" style=\"margin-bottom:var(--wp--preset--spacing--80)\"><img loading=\"lazy\" decoding=\"async\" width=\"500\" height=\"611\" src=\"https:\/\/indologia.uw.edu.pl\/wp-content\/uploads\/2025\/04\/dyzur-opiekuna-studentow2.jpg\" alt=\"\" class=\"wp-image-1027\" style=\"aspect-ratio:1;width:242px;height:auto\" srcset=\"https:\/\/indologia.uw.edu.pl\/wp-content\/uploads\/2025\/04\/dyzur-opiekuna-studentow2.jpg 500w, https:\/\/indologia.uw.edu.pl\/wp-content\/uploads\/2025\/04\/dyzur-opiekuna-studentow2-245x300.jpg 245w\" sizes=\"auto, (max-width: 500px) 100vw, 500px\" \/><\/figure>\n<\/div>\n\n\n<p id=\"wp-block-themeisle-blocks-advanced-heading-3a87334a\" class=\"wp-block-themeisle-blocks-advanced-heading wp-block-themeisle-blocks-advanced-heading-3a87334a\"><strong>Dr. Karolina K\u0142oszewska<\/strong>&nbsp;<\/p>\n\n\n\n<p class=\"has-text-align-center has-accent-color has-text-color has-link-color has-medium-font-size wp-elements-b058a6d49f0eb68809d23682f4ca92c9\">Student advisor for students of South Asian Studies <\/p>\n\n\n\n<p id=\"wp-block-themeisle-blocks-advanced-heading-1f9f2063\" class=\"wp-block-themeisle-blocks-advanced-heading wp-block-themeisle-blocks-advanced-heading-1f9f2063\">MONDAY, 12.15-13.15, room 340<\/p>\n<\/div>\n<\/div><\/div>\n\n\n\n<div class=\"wp-block-group\" style=\"margin-top:var(--wp--preset--spacing--50);margin-bottom:var(--wp--preset--spacing--50);padding-top:0;padding-bottom:0\"><div class=\"wp-block-group__inner-container is-layout-constrained wp-block-group-is-layout-constrained\">\n<p class=\"has-text-align-center\"><strong>Prof. Danuta Stasik<\/strong><br>Thursday, 14.45-15.45, room 339<\/p>\n\n\n\n<p class=\"has-text-align-center\"><strong>Prof. Joanna Jurewicz<\/strong> <\/p>\n\n\n\n<p class=\"has-text-align-center\">Friday, 4.30-5.30 p.m., room 342<\/p>\n\n\n\n<p class=\"has-text-align-center\"><strong>Prof. Piotr Balcerowicz<\/strong><br> Friday, 6.15-7.15 p.m., room 342<\/p>\n\n\n\n<p class=\"has-text-align-center\"><strong>Dr. Anna Trynkowska<\/strong><br>Wednesday, 11-11.30 a.m., room 342<\/p>\n\n\n\n<p class=\"has-text-align-center\">Thursday, 11-11.30 a.m., room 342<\/p>\n\n\n\n<p class=\"has-text-align-center\"><strong>Dr. Monika Nowakowska<\/strong><span style=\"color: #1e73be;\"><br>  Staff Mobility Coordinator<\/span><br> Tuesday, 1-1.30 p.m., room 341 <\/p>\n\n\n\n<p class=\"has-text-align-center\">Thursday, 13-13.30, room 341<\/p>\n\n\n\n<p class=\"has-text-align-center\"><strong>Dr. Aleksandra Turek<\/strong><br>Thursday, 13.15-14.15, room 339<\/p>\n\n\n\n<p class=\"has-text-align-center\"><strong>Dr. Justyna Wi\u015bniewska-Singh<\/strong><br>Wednesday, 12.15-13.15, room 339<\/p>\n\n\n\n<p class=\"has-text-align-center\"><strong>Dr. Weronika Rokicka<\/strong><br>Monday, 11.15-11.45, room 342<\/p>\n\n\n\n<p class=\"has-text-align-center\">Wednesday, 9.15-9.45, room 342<\/p>\n\n\n\n<p class=\"has-text-align-center\"><strong>Dr. Jakub Wilanowski-Hilchen<\/strong><\/p>\n\n\n\n<p class=\"has-text-align-center\">Wednesday, 13.15-14.15, room 339<\/p>\n\n\n\n<p class=\"has-text-align-center\"><strong><strong>mgr Jan Klonowski<\/strong><\/strong><\/p>\n\n\n\n<p class=\"has-text-align-center\">Tuesday, 13.15-14.15, room 342<\/p>\n<\/div><\/div>\n\n\n\n<p class=\"has-text-align-center\"><strong>mgr Akshaya Venkateswaran<\/strong><\/p>\n\n\n\n<p class=\"has-text-align-center\">Monday, 13-14, room 339<\/p>\n\n\n\n<p><\/p>\n\n\n\n<p><\/p>","protected":false},"excerpt":{"rendered":"<p>Semestr letni 2025\/2026 Obowi\u0105zuje uprzednie um\u00f3wienie si\u0119 drog\u0105 mailow\u0105 prof. dr hab. Danuta Stasikczwartek, godz. 14.45-15.45, pok. 339 prof. dr hab. Joanna Jurewicz pi\u0105tek, godz. 16.30-17.30, pok. 342 prof. dr hab. Piotr Balcerowicz pi\u0105tek, godz. 18.15-19.15, pok. 342 dr Anna Trynkowska\u015broda, godz. 11-11.30, pok. 342 czwartek, godz. 11-11.30, pok. 342 [&hellip;]<\/p>\n","protected":false},"author":2,"featured_media":1091,"parent":31,"menu_order":0,"comment_status":"closed","ping_status":"closed","template":"","meta":{"_themeisle_gutenberg_block_has_review":false,"footnotes":""},"class_list":["post-1008","page","type-page","status-publish","has-post-thumbnail","hentry"],"_links":{"self":[{"href":"https:\/\/indologia.uw.edu.pl\/en\/wp-json\/wp\/v2\/pages\/1008","targetHints":{"allow":["GET"]}}],"collection":[{"href":"https:\/\/indologia.uw.edu.pl\/en\/wp-json\/wp\/v2\/pages"}],"about":[{"href":"https:\/\/indologia.uw.edu.pl\/en\/wp-json\/wp\/v2\/types\/page"}],"author":[{"embeddable":true,"href":"https:\/\/indologia.uw.edu.pl\/en\/wp-json\/wp\/v2\/users\/2"}],"replies":[{"embeddable":true,"href":"https:\/\/indologia.uw.edu.pl\/en\/wp-json\/wp\/v2\/comments?post=1008"}],"version-history":[{"count":91,"href":"https:\/\/indologia.uw.edu.pl\/en\/wp-json\/wp\/v2\/pages\/1008\/revisions"}],"predecessor-version":[{"id":2497,"href":"https:\/\/indologia.uw.edu.pl\/en\/wp-json\/wp\/v2\/pages\/1008\/revisions\/2497"}],"up":[{"embeddable":true,"href":"https:\/\/indologia.uw.edu.pl\/en\/wp-json\/wp\/v2\/pages\/31"}],"wp:featuredmedia":[{"embeddable":true,"href":"https:\/\/indologia.uw.edu.pl\/en\/wp-json\/wp\/v2\/media\/1091"}],"wp:attachment":[{"href":"https:\/\/indologia.uw.edu.pl\/en\/wp-json\/wp\/v2\/media?parent=1008"}],"curies":[{"name":"wp","href":"https:\/\/api.w.org\/{rel}","templated":true}]}}