{"id":22,"date":"2025-02-04T12:21:31","date_gmt":"2025-02-04T11:21:31","guid":{"rendered":"https:\/\/indologia.uw.edu.pl\/nowa\/?page_id=22"},"modified":"2025-04-22T12:00:51","modified_gmt":"2025-04-22T10:00:51","slug":"aktualnosci","status":"publish","type":"page","link":"https:\/\/indologia.uw.edu.pl\/en\/aktualnosci\/","title":{"rendered":"Aktualno\u015bci"},"content":{"rendered":"<div class=\"is-style-boxed wp-block-themeisle-blocks-posts-grid\" id=\"wp-block-themeisle-blocks-posts-grid-85fa297d\"><div class=\"is-grid o-posts-grid-columns-3\"><div class=\"o-posts-grid-post-blog o-posts-grid-post-plain\"><div class=\"o-posts-grid-post\"><div class=\"o-posts-grid-post-image\"><a href=\"https:\/\/indologia.uw.edu.pl\/en\/2026\/04\/09\/18-kwietnia-2026-dzien-otwarty-uw-spotkanie-i-lekcje-pokazowe\/\"><img loading=\"lazy\" decoding=\"async\" width=\"1320\" height=\"451\" src=\"https:\/\/indologia.uw.edu.pl\/wp-content\/uploads\/2026\/04\/dzien-na-UW.png\" class=\"attachment-full size-full\" alt=\"18 kwietnia 2026 Dzie\u0144 otwarty UW \u2013 spotkanie i lekcje pokazowe\" srcset=\"https:\/\/indologia.uw.edu.pl\/wp-content\/uploads\/2026\/04\/dzien-na-UW.png 1320w, https:\/\/indologia.uw.edu.pl\/wp-content\/uploads\/2026\/04\/dzien-na-UW-300x103.png 300w, https:\/\/indologia.uw.edu.pl\/wp-content\/uploads\/2026\/04\/dzien-na-UW-1024x350.png 1024w, https:\/\/indologia.uw.edu.pl\/wp-content\/uploads\/2026\/04\/dzien-na-UW-768x262.png 768w, https:\/\/indologia.uw.edu.pl\/wp-content\/uploads\/2026\/04\/dzien-na-UW-18x6.png 18w\" sizes=\"(max-width: 1320px) 100vw, 1320px\" \/><\/a><\/div><div class=\"o-posts-grid-post-body\"><span class=\"o-posts-grid-post-category\"><a href=\"https:\/\/indologia.uw.edu.pl\/en\/category\/kandydaci\/\">Kandydaci<\/a><\/span><h4 class=\"o-posts-grid-post-title\"><a href=\"https:\/\/indologia.uw.edu.pl\/en\/2026\/04\/09\/18-kwietnia-2026-dzien-otwarty-uw-spotkanie-i-lekcje-pokazowe\/\">18 kwietnia 2026 Dzie\u0144 otwarty UW \u2013 spotkanie i lekcje pokazowe<\/a><\/h4><p class=\"o-posts-grid-post-meta\">Posted on <time datetime=\"2026-04-09T16:08:00+02:00\">2026-04-09<\/time> by <a href=\"https:\/\/indologia.uw.edu.pl\/en\/author\/admin-indologia-nowa\/\">Admin WO<\/a><\/p><div class=\"o-posts-grid-post-description\"><p>Serdecznie zapraszamy na spotkanie o kierunku orientalistyka-indologia<\/p><\/div><\/div><\/div><\/div><div class=\"o-posts-grid-post-blog o-posts-grid-post-plain\"><div class=\"o-posts-grid-post\"><div class=\"o-posts-grid-post-image\"><a href=\"https:\/\/indologia.uw.edu.pl\/en\/2026\/03\/25\/nowy-przedmiot-w-ofercie-programowej-indologii\/\"><img loading=\"lazy\" decoding=\"async\" width=\"1414\" height=\"801\" src=\"https:\/\/indologia.uw.edu.pl\/wp-content\/uploads\/2026\/03\/WSPOLNY-KIERUNEK-\u2013-mentee-plakat1.png\" class=\"attachment-full size-full\" alt=\"Nowy przedmiot w ofercie programowej indologii!\" srcset=\"https:\/\/indologia.uw.edu.pl\/wp-content\/uploads\/2026\/03\/WSPOLNY-KIERUNEK-\u2013-mentee-plakat1.png 1414w, https:\/\/indologia.uw.edu.pl\/wp-content\/uploads\/2026\/03\/WSPOLNY-KIERUNEK-\u2013-mentee-plakat1-300x170.png 300w, https:\/\/indologia.uw.edu.pl\/wp-content\/uploads\/2026\/03\/WSPOLNY-KIERUNEK-\u2013-mentee-plakat1-1024x580.png 1024w, https:\/\/indologia.uw.edu.pl\/wp-content\/uploads\/2026\/03\/WSPOLNY-KIERUNEK-\u2013-mentee-plakat1-768x435.png 768w, https:\/\/indologia.uw.edu.pl\/wp-content\/uploads\/2026\/03\/WSPOLNY-KIERUNEK-\u2013-mentee-plakat1-18x10.png 18w\" sizes=\"(max-width: 1414px) 100vw, 1414px\" \/><\/a><\/div><div class=\"o-posts-grid-post-body\"><span class=\"o-posts-grid-post-category\"><a href=\"https:\/\/indologia.uw.edu.pl\/en\/category\/kursy\/\">Kursy<\/a><\/span><h4 class=\"o-posts-grid-post-title\"><a href=\"https:\/\/indologia.uw.edu.pl\/en\/2026\/03\/25\/nowy-przedmiot-w-ofercie-programowej-indologii\/\">Nowy przedmiot w ofercie programowej indologii!<\/a><\/h4><p class=\"o-posts-grid-post-meta\">Posted on <time datetime=\"2026-03-25T15:11:13+01:00\">2026-03-25<\/time> by <a href=\"https:\/\/indologia.uw.edu.pl\/en\/author\/admin-indologia-nowa\/\">Admin WO<\/a><\/p><div class=\"o-posts-grid-post-description\"><p>Mentoring studencki \u2013 Wsp\u00f3lny Kierunek (Semestr zimowy 2026\/27)\n(Oferta zaj\u0119ciowa skierowana jedynie\u2026<\/p><\/div><\/div><\/div><\/div><div class=\"o-posts-grid-post-blog o-posts-grid-post-plain\"><div class=\"o-posts-grid-post\"><div class=\"o-posts-grid-post-image\"><a href=\"https:\/\/indologia.uw.edu.pl\/en\/2026\/03\/11\/uroczystosc-wreczenia-wyroznien-rektora-uniwersytetu-warszawskiego\/\"><img loading=\"lazy\" decoding=\"async\" width=\"500\" height=\"342\" src=\"https:\/\/indologia.uw.edu.pl\/wp-content\/uploads\/2026\/03\/UW.jpg\" class=\"attachment-full size-full\" alt=\"Uroczysto\u015b\u0107 wr\u0119czenia Wyr\u00f3\u017cnie\u0144 Rektora Uniwersytetu Warszawskiego\" srcset=\"https:\/\/indologia.uw.edu.pl\/wp-content\/uploads\/2026\/03\/UW.jpg 500w, https:\/\/indologia.uw.edu.pl\/wp-content\/uploads\/2026\/03\/UW-300x205.jpg 300w, https:\/\/indologia.uw.edu.pl\/wp-content\/uploads\/2026\/03\/UW-18x12.jpg 18w\" sizes=\"(max-width: 500px) 100vw, 500px\" \/><\/a><\/div><div class=\"o-posts-grid-post-body\"><span class=\"o-posts-grid-post-category\"><a href=\"https:\/\/indologia.uw.edu.pl\/en\/category\/wydarzenia\/\">Wydarzenia<\/a><\/span><h4 class=\"o-posts-grid-post-title\"><a href=\"https:\/\/indologia.uw.edu.pl\/en\/2026\/03\/11\/uroczystosc-wreczenia-wyroznien-rektora-uniwersytetu-warszawskiego\/\">Uroczysto\u015b\u0107 wr\u0119czenia Wyr\u00f3\u017cnie\u0144 Rektora Uniwersytetu Warszawskiego<\/a><\/h4><p class=\"o-posts-grid-post-meta\">Posted on <time datetime=\"2026-03-11T14:43:53+01:00\">2026-03-11<\/time> by <a href=\"https:\/\/indologia.uw.edu.pl\/en\/author\/admin-indologia-nowa\/\">Admin WO<\/a><\/p><div class=\"o-posts-grid-post-description\"><p>5 marca 2026 r. w Pa\u0142acu Kazimierzowskim odby\u0142a si\u0119 uroczysto\u015b\u0107 wr\u0119czenia Wyr\u00f3\u017cnie\u0144 Rektora Uniwersy\u2026<\/p><\/div><\/div><\/div><\/div><div class=\"o-posts-grid-post-blog o-posts-grid-post-plain\"><div class=\"o-posts-grid-post\"><div class=\"o-posts-grid-post-image\"><a href=\"https:\/\/indologia.uw.edu.pl\/en\/2025\/12\/20\/kronika-kap-za-rok-akad-2024-2025\/\"><img loading=\"lazy\" decoding=\"async\" width=\"2560\" height=\"1244\" src=\"https:\/\/indologia.uw.edu.pl\/wp-content\/uploads\/2025\/12\/4-scaled.jpg\" class=\"attachment-full size-full\" alt=\"Kronika roku akademickiego 2024\/2025\" srcset=\"https:\/\/indologia.uw.edu.pl\/wp-content\/uploads\/2025\/12\/4-scaled.jpg 2560w, https:\/\/indologia.uw.edu.pl\/wp-content\/uploads\/2025\/12\/4-300x146.jpg 300w, https:\/\/indologia.uw.edu.pl\/wp-content\/uploads\/2025\/12\/4-1024x498.jpg 1024w, https:\/\/indologia.uw.edu.pl\/wp-content\/uploads\/2025\/12\/4-768x373.jpg 768w, https:\/\/indologia.uw.edu.pl\/wp-content\/uploads\/2025\/12\/4-1536x747.jpg 1536w, https:\/\/indologia.uw.edu.pl\/wp-content\/uploads\/2025\/12\/4-2048x996.jpg 2048w, https:\/\/indologia.uw.edu.pl\/wp-content\/uploads\/2025\/12\/4-18x9.jpg 18w\" sizes=\"(max-width: 2560px) 100vw, 2560px\" \/><\/a><\/div><div class=\"o-posts-grid-post-body\"><span class=\"o-posts-grid-post-category\"><a href=\"https:\/\/indologia.uw.edu.pl\/en\/category\/kronika\/\">kronika<\/a><\/span><h4 class=\"o-posts-grid-post-title\"><a href=\"https:\/\/indologia.uw.edu.pl\/en\/2025\/12\/20\/kronika-kap-za-rok-akad-2024-2025\/\">Kronika roku akademickiego 2024\/2025<\/a><\/h4><p class=\"o-posts-grid-post-meta\">Posted on <time datetime=\"2025-12-20T23:46:11+01:00\">2025-12-20<\/time> by <a href=\"https:\/\/indologia.uw.edu.pl\/en\/author\/admin-indologia-nowa\/\">Admin WO<\/a><\/p><div class=\"o-posts-grid-post-description\"><p>Kronika wydarze\u0144 \u017cycia naukowego pracownik\u00f3w Katedry Azji Po\u0142udniowej WKAiA UW<\/p><\/div><\/div><\/div><\/div><div class=\"o-posts-grid-post-blog o-posts-grid-post-plain\"><div class=\"o-posts-grid-post\"><div class=\"o-posts-grid-post-image\"><a href=\"https:\/\/indologia.uw.edu.pl\/en\/2025\/11\/29\/oferta-zajec-ogolnouniwersyteckich-og-ow-na-semestr-letni-2025-2026\/\"><img loading=\"lazy\" decoding=\"async\" width=\"1600\" height=\"1200\" src=\"https:\/\/indologia.uw.edu.pl\/wp-content\/uploads\/2025\/02\/54353451_1298096853662881_3683599265717813248_n.jpg\" class=\"attachment-full size-full\" alt=\"Oferta zaj\u0119\u0107 og\u00f3lnouniwersyteckich (OG\/OW) na semestr letni 2025\/2026\" srcset=\"https:\/\/indologia.uw.edu.pl\/wp-content\/uploads\/2025\/02\/54353451_1298096853662881_3683599265717813248_n.jpg 1600w, https:\/\/indologia.uw.edu.pl\/wp-content\/uploads\/2025\/02\/54353451_1298096853662881_3683599265717813248_n-300x225.jpg 300w, https:\/\/indologia.uw.edu.pl\/wp-content\/uploads\/2025\/02\/54353451_1298096853662881_3683599265717813248_n-1024x768.jpg 1024w, https:\/\/indologia.uw.edu.pl\/wp-content\/uploads\/2025\/02\/54353451_1298096853662881_3683599265717813248_n-768x576.jpg 768w, https:\/\/indologia.uw.edu.pl\/wp-content\/uploads\/2025\/02\/54353451_1298096853662881_3683599265717813248_n-1536x1152.jpg 1536w\" sizes=\"(max-width: 1600px) 100vw, 1600px\" \/><\/a><\/div><div class=\"o-posts-grid-post-body\"><span class=\"o-posts-grid-post-category\"><a href=\"https:\/\/indologia.uw.edu.pl\/en\/category\/studenci\/\">Studenci<\/a><\/span><h4 class=\"o-posts-grid-post-title\"><a href=\"https:\/\/indologia.uw.edu.pl\/en\/2025\/11\/29\/oferta-zajec-ogolnouniwersyteckich-og-ow-na-semestr-letni-2025-2026\/\">Oferta zaj\u0119\u0107 og\u00f3lnouniwersyteckich (OG\/OW) na semestr letni 2025\/2026<\/a><\/h4><p class=\"o-posts-grid-post-meta\">Posted on <time datetime=\"2025-11-29T14:22:27+01:00\">2025-11-29<\/time> by <a href=\"https:\/\/indologia.uw.edu.pl\/en\/author\/admin-indologia-nowa\/\">Admin WO<\/a><\/p><div class=\"o-posts-grid-post-description\"><p>Z przyjemno\u015bci\u0105 informujemy, \u017ce wyk\u0142adowcy Katedry Azji Po\u0142udniowej przygotowali bogat\u0105 ofert\u0119 zaj\u0119\u0107\u2026<\/p><\/div><\/div><\/div><\/div><div class=\"o-posts-grid-post-blog o-posts-grid-post-plain\"><div class=\"o-posts-grid-post\"><div class=\"o-posts-grid-post-image\"><a href=\"https:\/\/indologia.uw.edu.pl\/en\/2025\/09\/26\/dzien-adaptacyjny-dla-studentow-i-roku\/\"><img loading=\"lazy\" decoding=\"async\" width=\"612\" height=\"490\" src=\"https:\/\/indologia.uw.edu.pl\/wp-content\/uploads\/2025\/09\/istockphoto-1398807603-612x612-1.jpg\" class=\"attachment-full size-full\" alt=\"Dzie\u0144 Adaptacyjny dla student\u00f3w I roku\" srcset=\"https:\/\/indologia.uw.edu.pl\/wp-content\/uploads\/2025\/09\/istockphoto-1398807603-612x612-1.jpg 612w, https:\/\/indologia.uw.edu.pl\/wp-content\/uploads\/2025\/09\/istockphoto-1398807603-612x612-1-300x240.jpg 300w, https:\/\/indologia.uw.edu.pl\/wp-content\/uploads\/2025\/09\/istockphoto-1398807603-612x612-1-15x12.jpg 15w\" sizes=\"(max-width: 612px) 100vw, 612px\" \/><\/a><\/div><div class=\"o-posts-grid-post-body\"><span class=\"o-posts-grid-post-category\"><a href=\"https:\/\/indologia.uw.edu.pl\/en\/category\/studenci\/\">Studenci<\/a><\/span><h4 class=\"o-posts-grid-post-title\"><a href=\"https:\/\/indologia.uw.edu.pl\/en\/2025\/09\/26\/dzien-adaptacyjny-dla-studentow-i-roku\/\">Dzie\u0144 Adaptacyjny dla student\u00f3w I roku<\/a><\/h4><p class=\"o-posts-grid-post-meta\">Posted on <time datetime=\"2025-09-26T12:59:15+02:00\">2025-09-26<\/time> by <a href=\"https:\/\/indologia.uw.edu.pl\/en\/author\/admin-indologia-nowa\/\">Admin WO<\/a><\/p><div class=\"o-posts-grid-post-description\"><p>Serdecznie zapraszamy student\u00f3w I roku na Dzie\u0144 Adaptacyjny 29 wrze\u015bnia o godz. 10<\/p><\/div><\/div><\/div><\/div><\/div> <\/div>","protected":false},"excerpt":{"rendered":"","protected":false},"author":2,"featured_media":0,"parent":0,"menu_order":0,"comment_status":"closed","ping_status":"closed","template":"","meta":{"_themeisle_gutenberg_block_has_review":false,"footnotes":""},"class_list":["post-22","page","type-page","status-publish","hentry"],"_links":{"self":[{"href":"https:\/\/indologia.uw.edu.pl\/en\/wp-json\/wp\/v2\/pages\/22","targetHints":{"allow":["GET"]}}],"collection":[{"href":"https:\/\/indologia.uw.edu.pl\/en\/wp-json\/wp\/v2\/pages"}],"about":[{"href":"https:\/\/indologia.uw.edu.pl\/en\/wp-json\/wp\/v2\/types\/page"}],"author":[{"embeddable":true,"href":"https:\/\/indologia.uw.edu.pl\/en\/wp-json\/wp\/v2\/users\/2"}],"replies":[{"embeddable":true,"href":"https:\/\/indologia.uw.edu.pl\/en\/wp-json\/wp\/v2\/comments?post=22"}],"version-history":[{"count":2,"href":"https:\/\/indologia.uw.edu.pl\/en\/wp-json\/wp\/v2\/pages\/22\/revisions"}],"predecessor-version":[{"id":1432,"href":"https:\/\/indologia.uw.edu.pl\/en\/wp-json\/wp\/v2\/pages\/22\/revisions\/1432"}],"wp:attachment":[{"href":"https:\/\/indologia.uw.edu.pl\/en\/wp-json\/wp\/v2\/media?parent=22"}],"curies":[{"name":"wp","href":"https:\/\/api.w.org\/{rel}","templated":true}]}}