{"id":31,"date":"2025-02-04T12:22:48","date_gmt":"2025-02-04T11:22:48","guid":{"rendered":"https:\/\/indologia.uw.edu.pl\/nowa\/?page_id=31"},"modified":"2025-05-18T18:31:36","modified_gmt":"2025-05-18T16:31:36","slug":"dla-studentow","status":"publish","type":"page","link":"https:\/\/indologia.uw.edu.pl\/en\/dla-studentow\/","title":{"rendered":"For students"},"content":{"rendered":"<p>Looking for support, want to get involved, or just stay up to date with what's happening in the department and at the university in general? This is the space created just for you!&nbsp;<\/p>\n\n\n\n<p>Here you will find important and useful information for student life:<\/p>\n\n\n\n<ul class=\"wp-block-list\">\n<li>about class schedules and <a href=\"https:\/\/indologia.uw.edu.pl\/en\/dla-studentow\/dyzury-pracownikow\/\">KAP staff office hours<\/a>;<\/li>\n\n\n\n<li>about student exchange programs and <a href=\"https:\/\/indologia.uw.edu.pl\/en\/dla-studentow\/przydatne-adresy-internetowe\/\">opportunities for studying abroad<\/a>;<\/li>\n\n\n\n<li>academic <a href=\"https:\/\/cpp.uw.edu.pl\/\" target=\"_blank\" rel=\"noreferrer noopener nofollow\">and psychological support<\/a>;<\/li>\n\n\n\n<li>about opportunities for development and <a href=\"https:\/\/indologia.uw.edu.pl\/en\/dla-studentow\/kolo-naukowe\/\">involvement in the student research group<\/a>.<\/li>\n<\/ul>\n\n\n\n<p><strong>Check in regularly and be a part of our community!&nbsp;<\/strong><\/p>\n\n\n\n<p><\/p>","protected":false},"excerpt":{"rendered":"<p>Szukasz wsparcia, chcesz si\u0119 zaanga\u017cowa\u0107, albo po prostu by\u0107 na bie\u017c\u0105co, co si\u0119 dzieje w katedrze i og\u00f3lnie na uczelni? To w\u0142a\u015bnie przestrze\u0144 stworzona dla Ciebie!&nbsp; Znajdziesz tu informacje wa\u017cne i przydatne w \u017cyciu studenckim: Zagl\u0105daj tu regularnie i b\u0105d\u017a cz\u0119\u015bci\u0105 naszej spo\u0142eczno\u015bci!&nbsp;<\/p>","protected":false},"author":2,"featured_media":2017,"parent":0,"menu_order":0,"comment_status":"closed","ping_status":"closed","template":"","meta":{"_themeisle_gutenberg_block_has_review":false,"footnotes":""},"class_list":["post-31","page","type-page","status-publish","has-post-thumbnail","hentry"],"_links":{"self":[{"href":"https:\/\/indologia.uw.edu.pl\/en\/wp-json\/wp\/v2\/pages\/31","targetHints":{"allow":["GET"]}}],"collection":[{"href":"https:\/\/indologia.uw.edu.pl\/en\/wp-json\/wp\/v2\/pages"}],"about":[{"href":"https:\/\/indologia.uw.edu.pl\/en\/wp-json\/wp\/v2\/types\/page"}],"author":[{"embeddable":true,"href":"https:\/\/indologia.uw.edu.pl\/en\/wp-json\/wp\/v2\/users\/2"}],"replies":[{"embeddable":true,"href":"https:\/\/indologia.uw.edu.pl\/en\/wp-json\/wp\/v2\/comments?post=31"}],"version-history":[{"count":12,"href":"https:\/\/indologia.uw.edu.pl\/en\/wp-json\/wp\/v2\/pages\/31\/revisions"}],"predecessor-version":[{"id":1999,"href":"https:\/\/indologia.uw.edu.pl\/en\/wp-json\/wp\/v2\/pages\/31\/revisions\/1999"}],"wp:featuredmedia":[{"embeddable":true,"href":"https:\/\/indologia.uw.edu.pl\/en\/wp-json\/wp\/v2\/media\/2017"}],"wp:attachment":[{"href":"https:\/\/indologia.uw.edu.pl\/en\/wp-json\/wp\/v2\/media?parent=31"}],"curies":[{"name":"wp","href":"https:\/\/api.w.org\/{rel}","templated":true}]}}