{"id":39,"date":"2025-02-04T12:23:13","date_gmt":"2025-02-04T11:23:13","guid":{"rendered":"https:\/\/indologia.uw.edu.pl\/nowa\/?page_id=39"},"modified":"2026-03-28T14:50:39","modified_gmt":"2026-03-28T13:50:39","slug":"dla-kandydatow","status":"publish","type":"page","link":"https:\/\/indologia.uw.edu.pl\/en\/dla-kandydatow\/","title":{"rendered":"Prospective Students"},"content":{"rendered":"<h2 id=\"wp-block-themeisle-blocks-advanced-heading-59e4b812\" class=\"wp-block-themeisle-blocks-advanced-heading wp-block-themeisle-blocks-advanced-heading-59e4b812\">Oriental Studies \u2013 Indian Studies<\/h2>\n\n\n\n<div id=\"wp-block-themeisle-blocks-advanced-columns-8eaea834\" class=\"wp-block-themeisle-blocks-advanced-columns alignwide has-2-columns has-desktop-equal-layout has-tablet-equal-layout has-mobile-collapsedRows-layout has-vertical-unset\"><div class=\"wp-block-themeisle-blocks-advanced-columns-overlay\"><\/div><div class=\"innerblocks-wrap\">\n<div id=\"wp-block-themeisle-blocks-advanced-column-f211c4cc\" class=\"wp-block-themeisle-blocks-advanced-column\">\n<p style=\"padding-right:50px\">South Asian Studies (Asian Studies \u2013 Indian Studies) is interdisciplinary in nature, although the leading discipline is the study of culture and religion. <a href=\"https:\/\/indologia.uw.edu.pl\/en\/dla-kandydatow\/program-studiow\/\" data-type=\"page\" data-id=\"1824\">This unique curriculum<\/a> is offered exclusively at the Faculty of Asian and African Cultures at the University of Warsaw. The faculty boasts nearly 90 years of experience in teaching Asian and African cultures and languages, including those of South Asia, such as Sanskrit, Hindi, Bengali and Tamil. This tradition is reflected in the creation of this distinctive field of study: Asian Studies \u2013 Indology. The academic programme draws on many years of experience in teaching and conducting research on historical and contemporary issues in India and the other states of South Asia, including India, Pakistan, Bangladesh, Bhutan, Sri Lanka and Nepal. Faculty members are specialists \u2014 often the only ones in Poland \u2014 in this geographical and cultural area. They conduct advanced scholarly research, supported by numerous publications in Polish and international outlets. Students also have the opportunity to apply for language or research internships in South Asian countries to further enhance their qualifications and language skills.<\/p>\n<\/div>\n\n\n\n<div id=\"wp-block-themeisle-blocks-advanced-column-4fa593f7\" class=\"wp-block-themeisle-blocks-advanced-column\">\n<figure class=\"wp-block-image size-large has-custom-border\"><img loading=\"lazy\" decoding=\"async\" width=\"627\" height=\"1024\" src=\"https:\/\/indologia.uw.edu.pl\/wp-content\/uploads\/2025\/04\/Dla-Kandydatow_drugie-zdjecie-na-stronie-627x1024.jpg\" alt=\"\" class=\"wp-image-687\" style=\"border-radius:12px\" srcset=\"https:\/\/indologia.uw.edu.pl\/wp-content\/uploads\/2025\/04\/Dla-Kandydatow_drugie-zdjecie-na-stronie-627x1024.jpg 627w, https:\/\/indologia.uw.edu.pl\/wp-content\/uploads\/2025\/04\/Dla-Kandydatow_drugie-zdjecie-na-stronie-184x300.jpg 184w, https:\/\/indologia.uw.edu.pl\/wp-content\/uploads\/2025\/04\/Dla-Kandydatow_drugie-zdjecie-na-stronie-768x1254.jpg 768w, https:\/\/indologia.uw.edu.pl\/wp-content\/uploads\/2025\/04\/Dla-Kandydatow_drugie-zdjecie-na-stronie.jpg 784w\" sizes=\"auto, (max-width: 627px) 100vw, 627px\" \/><\/figure>\n<\/div>\n<\/div><\/div>\n\n\n\n<hr class=\"wp-block-separator has-alpha-channel-opacity\"\/>\n\n\n\n<div id=\"wp-block-themeisle-blocks-advanced-columns-a5933b96\" class=\"wp-block-themeisle-blocks-advanced-columns alignwide has-1-columns has-desktop-equal-layout has-tablet-equal-layout has-mobile-equal-layout has-vertical-unset\"><div class=\"wp-block-themeisle-blocks-advanced-columns-overlay\"><\/div><div class=\"innerblocks-wrap\">\n<div id=\"wp-block-themeisle-blocks-advanced-column-ac2eb86d\" class=\"wp-block-themeisle-blocks-advanced-column\">\n<p>The intended learning outcomes are twofold: the acquisition of extensive knowledge of various aspects of South Asian culture and the development of proficiency in one of the region\u2019s languages. The programme provides a broad education in the literature, history, philosophy, religion, and art of South Asian cultural heritage, while also offering advanced linguistic competence through intensive language instruction.<\/p>\n<\/div>\n<\/div><\/div>\n\n\n\n<div id=\"wp-block-themeisle-blocks-advanced-columns-97b2022f\" class=\"wp-block-themeisle-blocks-advanced-columns alignwide has-2-columns has-desktop-equal-layout has-tablet-equal-layout has-mobile-collapsedRows-layout has-vertical-unset\"><div class=\"wp-block-themeisle-blocks-advanced-columns-overlay\"><\/div><div class=\"innerblocks-wrap\">\n<div id=\"wp-block-themeisle-blocks-advanced-column-83159756\" class=\"wp-block-themeisle-blocks-advanced-column\">\n<p style=\"padding-right:50px\">The comprehensive education provided by the South Asian Studies programme (Asian Studies \u2013 Indian Studies), which also encompasses a wide spectrum of the humanities, enables students to undertake interdisciplinary research and develop a deeper understanding of the roots of contemporary global issues, as well as the ability to propose informed solutions. It equips students with a broad perspective, essential for understanding the challenges and conflicts of the modern world that arise from civilizational diversity. The programme also supports the education of a new generation of scholars in cultural and religious studies and other academic disciplines. Completing the South Asian Studies curriculum fosters cognitive synergy and contributes to shaping new modes of thought and social awareness\u2014based on much-needed values such as understanding, openness, and tolerance towards others, alongside an appreciation for one\u2019s own cultural heritage and the ethical principles rooted in both European and South Asian traditions.<\/p>\n<\/div>\n\n\n\n<div id=\"wp-block-themeisle-blocks-advanced-column-559e4ff8\" class=\"wp-block-themeisle-blocks-advanced-column\">\n<figure class=\"wp-block-image size-large has-custom-border\"><img loading=\"lazy\" decoding=\"async\" width=\"1024\" height=\"743\" src=\"https:\/\/indologia.uw.edu.pl\/wp-content\/uploads\/2025\/04\/Dla-Kandydatow_zdjecie-na-stronie-1024x743.jpg\" alt=\"\" class=\"wp-image-688\" style=\"border-radius:12px\" srcset=\"https:\/\/indologia.uw.edu.pl\/wp-content\/uploads\/2025\/04\/Dla-Kandydatow_zdjecie-na-stronie-1024x743.jpg 1024w, https:\/\/indologia.uw.edu.pl\/wp-content\/uploads\/2025\/04\/Dla-Kandydatow_zdjecie-na-stronie-300x218.jpg 300w, https:\/\/indologia.uw.edu.pl\/wp-content\/uploads\/2025\/04\/Dla-Kandydatow_zdjecie-na-stronie-768x557.jpg 768w, https:\/\/indologia.uw.edu.pl\/wp-content\/uploads\/2025\/04\/Dla-Kandydatow_zdjecie-na-stronie.jpg 1280w\" sizes=\"auto, (max-width: 1024px) 100vw, 1024px\" \/><\/figure>\n<\/div>\n<\/div><\/div>\n\n\n\n<hr class=\"wp-block-separator has-alpha-channel-opacity\"\/>\n\n\n\n<div id=\"wp-block-themeisle-blocks-advanced-columns-119e872b\" class=\"wp-block-themeisle-blocks-advanced-columns alignwide has-1-columns has-desktop-equal-layout has-tablet-equal-layout has-mobile-equal-layout has-vertical-unset\"><div class=\"wp-block-themeisle-blocks-advanced-columns-overlay\"><\/div><div class=\"innerblocks-wrap\">\n<div id=\"wp-block-themeisle-blocks-advanced-column-e7398080\" class=\"wp-block-themeisle-blocks-advanced-column\">\n<p>The knowledge gained will enable graduates of the South Asian Studies programme to navigate general issues related to the theory and practice of Indian culture and the cultures of other South Asian countries with confidence. Graduates will have a solid understanding of the diversity of cultures and civilisations, enabling them to participate meaningfully in intercultural dialogue and cooperation. They will possess a theoretical foundation for reflecting on the cultures of South Asia and the ability to analyse core cultural phenomena, supported by strong language skills and methodological training in cultural and religious studies, linguistics, philosophy, history, literary studies, and art history.<\/p>\n\n\n\n<p>Graduates will be well-prepared for employment in cultural institutions, the media, publishing, and public administration. With increasingly dynamic economic relations between Poland and South Asia, there is growing demand in the labour market for experts fluent in the region\u2019s languages and familiar with its socio-cultural contexts. Similarly, political and diplomatic relations with South Asian countries require professionals with specialised knowledge of the region\u2019s languages and cultures\u2014such as graduates of the South Asian Studies programme. Furthermore, graduates will be well-positioned to pursue second-cycle (Master\u2019s) studies.<\/p>\n\n\n\n<p>Kierunek orientalistyka-indologia zosta\u0142 obj\u0119ty Zintegrowanym Programem Rozwoju Dydaktyki, a na nowe osoby studiuj\u0105ce od roku akad. 2026\/2027 czeka\u0107 b\u0119dzie ulepszony program studi\u00f3w oraz dodatkowe mo\u017cliwo\u015bci rozwoju w ramach studi\u00f3w.<\/p>\n\n\n\n<p>The Integrated Teaching Development Programme \u2013 ZIP 2.0, implemented by the University of Warsaw since 1 January 2025, is co-financed by the European Social Fund under the European Funds for Social Development 2021\u20132027 (FERS) (agreement no. FERS.01.05-IP.08-0365\/23-00).<\/p>\n\n\n\n<hr class=\"wp-block-separator has-alpha-channel-opacity\" style=\"margin-top:50px;margin-bottom:50px\"\/>\n<\/div>\n<\/div><\/div>\n\n\n\n<p class=\"has-text-align-center has-header-gradient-color has-text-color has-link-color wp-elements-9dae762c4f24db4e32c140a68fc5f6a2\" style=\"margin-bottom:40px;font-size:16px;font-style:normal;font-weight:100\">Wi\u0119cej informacji o Programie ZIP 2.0: <a href=\"https:\/\/zip2.uw.edu.pl\/\">https:\/\/zip2.uw.edu.pl\/<\/a><\/p>\n\n\n\n<figure class=\"wp-block-image size-full\" style=\"margin-top:35px;margin-bottom:35px\"><a href=\"https:\/\/zip2.uw.edu.pl\/\" target=\"_blank\" rel=\" noreferrer noopener\"><img loading=\"lazy\" decoding=\"async\" width=\"915\" height=\"81\" src=\"https:\/\/indologia.uw.edu.pl\/wp-content\/uploads\/2025\/06\/ZIP-2.0.0-8f2d3f6f.webp\" alt=\"\" class=\"wp-image-2063\" srcset=\"https:\/\/indologia.uw.edu.pl\/wp-content\/uploads\/2025\/06\/ZIP-2.0.0-8f2d3f6f.webp 915w, https:\/\/indologia.uw.edu.pl\/wp-content\/uploads\/2025\/06\/ZIP-2.0.0-8f2d3f6f-300x27.webp 300w, https:\/\/indologia.uw.edu.pl\/wp-content\/uploads\/2025\/06\/ZIP-2.0.0-8f2d3f6f-768x68.webp 768w, https:\/\/indologia.uw.edu.pl\/wp-content\/uploads\/2025\/06\/ZIP-2.0.0-8f2d3f6f-18x2.webp 18w\" sizes=\"auto, (max-width: 915px) 100vw, 915px\" \/><\/a><\/figure>\n\n\n\n<div id=\"wp-block-themeisle-blocks-advanced-columns-2e5b3c8c\" class=\"wp-block-themeisle-blocks-advanced-columns alignwide has-2-columns has-desktop-equal-layout has-tablet-equal-layout has-mobile-collapsedRows-layout has-vertical-center\"><div class=\"wp-block-themeisle-blocks-advanced-columns-overlay\"><\/div><div class=\"innerblocks-wrap\">\n<div id=\"wp-block-themeisle-blocks-advanced-column-a21ee1dd\" class=\"wp-block-themeisle-blocks-advanced-column has-dark-bg\">\n<p class=\"has-text-align-left\">W ramach rekrutacji na rok akad. 2026\/2027 na stacjonarne studia I stopnia na kierunku Orientalistyka &#8211; indologia prowadzi si\u0119\u00a0nab\u00f3r do grupy z nauczaniem r\u00f3wnoleg\u0142ym dw\u00f3ch indyjskich j\u0119zyk\u00f3w: z j\u0119zykiem <strong>tamilskim<\/strong> and <strong>sanskrytem.<\/strong><\/p>\n\n\n\n<p>Na rok akad. 2026\/2027 prowadzona b\u0119dzie tak\u017ce rekrutacja na stacjonarne studia II stopnia do grupy z j\u0119zykiem <strong>tamilskim<\/strong> oraz do grupy z j\u0119zykiem <strong>hindi<\/strong>.<\/p>\n<\/div>\n\n\n\n<div id=\"wp-block-themeisle-blocks-advanced-column-539675ca\" class=\"wp-block-themeisle-blocks-advanced-column\">\n<h3 id=\"wp-block-themeisle-blocks-advanced-heading-628eb3f7\" class=\"wp-block-themeisle-blocks-advanced-heading wp-block-themeisle-blocks-advanced-heading-628eb3f7\">To apply, candidates must register through <span style=\"color: #1e73be;\"><a href=\"https:\/\/irk.uw.edu.pl\/pl\/\">the University of Warsaw\u2019s Online Candidate Registration System. <\/a><br><a href=\"https:\/\/irk.uw.edu.pl\/pl\/\">https:\/\/irk.uw.edu.pl\/pl\/<\/a><\/span><\/h3>\n<\/div>\n<\/div><\/div>\n\n\n\n<hr class=\"wp-block-separator has-alpha-channel-opacity\"\/>\n\n\n\n<div id=\"wp-block-themeisle-blocks-advanced-columns-49c22130\" class=\"wp-block-themeisle-blocks-advanced-columns has-1-columns has-desktop-equal-layout has-tablet-equal-layout has-mobile-equal-layout has-vertical-unset\"><div class=\"wp-block-themeisle-blocks-advanced-columns-overlay\"><\/div><div class=\"innerblocks-wrap\">\n<div id=\"wp-block-themeisle-blocks-advanced-column-14bf3e1e\" class=\"wp-block-themeisle-blocks-advanced-column\">\n<h3 class=\"wp-block-heading has-text-align-center\">Qualification rules&nbsp;<\/h3>\n\n\n\n<p class=\"has-text-align-center\"><a href=\"https:\/\/irk.uw.edu.pl\/pl\/offer\/PELNE2025\/programme\/S1-OR-IN\/?from=field:P_OR\" target=\"_blank\" rel=\"noreferrer noopener\">https:\/\/irk.uw.edu.pl\/pl\/offer\/PELNE2025\/programme\/S1-OR-IN\/?from=field:P_OR<\/a><\/p>\n\n\n\n<h3 class=\"wp-block-heading has-text-align-center\">Dean\u2019s Representative for Recruitment<br>&nbsp;dr Jan Rogala<\/h3>\n\n\n\n<p class=\"has-text-align-center\"><strong>email:<\/strong>&nbsp;<a href=\"mailto:rekrutacja.orient@uw.edu.pl\">rekrutacja.orient@uw.edu.pl<\/a><br><strong>tel:<\/strong>&nbsp;+48 22 55 20&nbsp;513<br><a href=\"https:\/\/orient.uw.edu.pl\/kandydaci\/\">https:\/\/orient.uw.edu.pl\/kandydaci\/<\/a><\/p>\n<\/div>\n<\/div><\/div>","protected":false},"excerpt":{"rendered":"<p>Wi\u0119cej informacji o Programie ZIP 2.0: https:\/\/zip2.uw.edu.pl\/<\/p>","protected":false},"author":2,"featured_media":690,"parent":0,"menu_order":0,"comment_status":"closed","ping_status":"closed","template":"","meta":{"_themeisle_gutenberg_block_has_review":false,"footnotes":""},"class_list":["post-39","page","type-page","status-publish","has-post-thumbnail","hentry"],"_links":{"self":[{"href":"https:\/\/indologia.uw.edu.pl\/en\/wp-json\/wp\/v2\/pages\/39","targetHints":{"allow":["GET"]}}],"collection":[{"href":"https:\/\/indologia.uw.edu.pl\/en\/wp-json\/wp\/v2\/pages"}],"about":[{"href":"https:\/\/indologia.uw.edu.pl\/en\/wp-json\/wp\/v2\/types\/page"}],"author":[{"embeddable":true,"href":"https:\/\/indologia.uw.edu.pl\/en\/wp-json\/wp\/v2\/users\/2"}],"replies":[{"embeddable":true,"href":"https:\/\/indologia.uw.edu.pl\/en\/wp-json\/wp\/v2\/comments?post=39"}],"version-history":[{"count":149,"href":"https:\/\/indologia.uw.edu.pl\/en\/wp-json\/wp\/v2\/pages\/39\/revisions"}],"predecessor-version":[{"id":2499,"href":"https:\/\/indologia.uw.edu.pl\/en\/wp-json\/wp\/v2\/pages\/39\/revisions\/2499"}],"wp:featuredmedia":[{"embeddable":true,"href":"https:\/\/indologia.uw.edu.pl\/en\/wp-json\/wp\/v2\/media\/690"}],"wp:attachment":[{"href":"https:\/\/indologia.uw.edu.pl\/en\/wp-json\/wp\/v2\/media?parent=39"}],"curies":[{"name":"wp","href":"https:\/\/api.w.org\/{rel}","templated":true}]}}