{"id":47,"date":"2025-02-04T12:23:50","date_gmt":"2025-02-04T11:23:50","guid":{"rendered":"https:\/\/indologia.uw.edu.pl\/nowa\/?page_id=47"},"modified":"2025-10-01T12:11:04","modified_gmt":"2025-10-01T10:11:04","slug":"kontakt","status":"publish","type":"page","link":"https:\/\/indologia.uw.edu.pl\/en\/kontakt\/","title":{"rendered":"Contact"},"content":{"rendered":"\n<h2 class=\"wp-block-heading has-text-align-center\">Katedra Azji Po\u0142udniowej&nbsp;<\/h2>\n\n\n\n<p class=\"has-text-align-center\">Wydzia\u0142 Kultur Azji i Afryki<br>Uniwersytet Warszawski<\/p>\n\n\n\n<p class=\"has-text-align-center\">ul. Ho\u017ca 69<br>00-681 Warszawa<br>e-mail: indologia{at}uw.edu.pl<\/p>\n\n\n\n<hr class=\"wp-block-separator has-alpha-channel-opacity\" style=\"margin-bottom:var(--wp--preset--spacing--70)\"\/>\n\n\n<div style=\"height:400pxpx;\" class=\"wp-block-themeisle-blocks-leaflet-map\" id=\"wp-block-themeisle-blocks-leaflet-map-d926f82e\"><\/div>\n<script type=\"text\/javascript\">\n\t\/* <![CDATA[ *\/\n\t\tif ( ! window.themeisleLeafletMaps ) window.themeisleLeafletMaps =[];\n\t\twindow.themeisleLeafletMaps.push( { container: \"wp-block-themeisle-blocks-leaflet-map-d926f82e\", attributes: {\"id\":\"wp-block-themeisle-blocks-leaflet-map-d926f82e\",\"location\":\"Wydzia\\u0142 Orientalistyczny\",\"latitude\":\"52.22371165486374\",\"longitude\":\"21.00652843314285\",\"bbox\":\"21.002018451690677,52.222397181333776,21.011030673980716,52.2250260894841\",\"zoom\":17,\"markers\":[{\"id\":\"3db88b9d-5ed3-4de2-b13d-ae6de62b8637\",\"latitude\":52.22366124999999925648808130063116550445556640625,\"longitude\":21.006453952034888743582996539771556854248046875,\"title\":\"Katedra Azji Po\\u0142udniowej \",\"description\":\"\",\"location\":\"Warszawa, Ho\\u017ca 69\"}],\"height\":\"400px\",\"zoomControl\":true,\"draggable\":true,\"hasCustomCSS\":false,\"customCSS\":\"\",\"TrpContentRestriction\":{\"restriction_type\":\"exclude\",\"selected_languages\":[],\"panel_open\":true},\"otterConditions\":[]} } );\n\t\/* ]]> *\/\n<\/script>\n","protected":false},"excerpt":{"rendered":"<p>Katedra Azji Po\u0142udniowej&nbsp; Wydzia\u0142 Kultur Azji i AfrykiUniwersytet Warszawski ul. Ho\u017ca 6900-681 Warszawae-mail: indologia{at}uw.edu.pl<\/p>","protected":false},"author":2,"featured_media":674,"parent":0,"menu_order":0,"comment_status":"closed","ping_status":"closed","template":"","meta":{"_themeisle_gutenberg_block_has_review":false,"footnotes":""},"class_list":["post-47","page","type-page","status-publish","has-post-thumbnail","hentry"],"_links":{"self":[{"href":"https:\/\/indologia.uw.edu.pl\/en\/wp-json\/wp\/v2\/pages\/47","targetHints":{"allow":["GET"]}}],"collection":[{"href":"https:\/\/indologia.uw.edu.pl\/en\/wp-json\/wp\/v2\/pages"}],"about":[{"href":"https:\/\/indologia.uw.edu.pl\/en\/wp-json\/wp\/v2\/types\/page"}],"author":[{"embeddable":true,"href":"https:\/\/indologia.uw.edu.pl\/en\/wp-json\/wp\/v2\/users\/2"}],"replies":[{"embeddable":true,"href":"https:\/\/indologia.uw.edu.pl\/en\/wp-json\/wp\/v2\/comments?post=47"}],"version-history":[{"count":10,"href":"https:\/\/indologia.uw.edu.pl\/en\/wp-json\/wp\/v2\/pages\/47\/revisions"}],"predecessor-version":[{"id":2276,"href":"https:\/\/indologia.uw.edu.pl\/en\/wp-json\/wp\/v2\/pages\/47\/revisions\/2276"}],"wp:featuredmedia":[{"embeddable":true,"href":"https:\/\/indologia.uw.edu.pl\/en\/wp-json\/wp\/v2\/media\/674"}],"wp:attachment":[{"href":"https:\/\/indologia.uw.edu.pl\/en\/wp-json\/wp\/v2\/media?parent=47"}],"curies":[{"name":"wp","href":"https:\/\/api.w.org\/{rel}","templated":true}]}}