{"id":526,"date":"2025-03-28T13:03:55","date_gmt":"2025-03-28T12:03:55","guid":{"rendered":"https:\/\/indologia.uw.edu.pl\/nowa\/?page_id=526"},"modified":"2025-04-29T21:36:23","modified_gmt":"2025-04-29T19:36:23","slug":"jan-klonowski","status":"publish","type":"page","link":"https:\/\/indologia.uw.edu.pl\/en\/o-katedrze\/kadra\/jan-klonowski\/","title":{"rendered":"mgr Jan Klonowski"},"content":{"rendered":"<p><\/p>\n\n\n<div class=\"wp-block-image\">\n<figure class=\"aligncenter size-large is-resized has-custom-border\" style=\"margin-bottom:50px\"><img loading=\"lazy\" decoding=\"async\" width=\"704\" height=\"1024\" src=\"https:\/\/indologia.uw.edu.pl\/wp-content\/uploads\/2025\/04\/jan-kolonowski-704x1024.jpg\" alt=\"\" class=\"wp-image-1622\" style=\"border-radius:12px;aspect-ratio:1;object-fit:cover;width:300px\" srcset=\"https:\/\/indologia.uw.edu.pl\/wp-content\/uploads\/2025\/04\/jan-kolonowski-704x1024.jpg 704w, https:\/\/indologia.uw.edu.pl\/wp-content\/uploads\/2025\/04\/jan-kolonowski-206x300.jpg 206w, https:\/\/indologia.uw.edu.pl\/wp-content\/uploads\/2025\/04\/jan-kolonowski-768x1118.jpg 768w, https:\/\/indologia.uw.edu.pl\/wp-content\/uploads\/2025\/04\/jan-kolonowski.jpg 832w\" sizes=\"auto, (max-width: 704px) 100vw, 704px\" \/><\/figure>\n<\/div>\n\n\n<p class=\"has-text-align-center\">E-mail: jj.klonowski{at}uw.edu.pl<\/p>\n\n\n\n<h2 class=\"wp-block-heading has-text-align-center has-medium-font-size\">Position<\/h2>\n\n\n\n<p class=\"has-text-align-center\">Assistant (since 2024)<br><\/p>\n\n\n\n<h2 class=\"wp-block-heading has-text-align-center has-medium-font-size\">Research area<\/h2>\n\n\n\n<ul class=\"wp-block-list\">\n<li>Bengali studies<\/li>\n\n\n\n<li>Bengali language teaching methods<\/li>\n\n\n\n<li>History of India<\/li>\n\n\n\n<li>History of Bengal<\/li>\n<\/ul>\n\n\n\n<h2 class=\"wp-block-heading has-text-align-center has-medium-font-size\">Biographical data<\/h2>\n\n\n\n<ul class=\"wp-block-list\">\n<li>2023 \u2013 magister w zakresie nauki o kulturze i religii-indologia, Wydzia\u0142 Orientalistyczny UW (<em>Najazdy Marath\u00f3w na Bengal w XVIII wieku. &#8222;Maharasztra purana&#8221; jako \u015bwiadectwo wydarze\u0144 historycznych<\/em>)<\/li>\n<\/ul>","protected":false},"excerpt":{"rendered":"<p>E-mail: jj.klonowski{at}uw.edu.pl Stanowisko asystent (od 2024) Kierunek bada\u0144 Dane biograficzne<\/p>","protected":false},"author":2,"featured_media":0,"parent":28,"menu_order":0,"comment_status":"closed","ping_status":"closed","template":"","meta":{"_themeisle_gutenberg_block_has_review":false,"footnotes":""},"class_list":["post-526","page","type-page","status-publish","hentry"],"_links":{"self":[{"href":"https:\/\/indologia.uw.edu.pl\/en\/wp-json\/wp\/v2\/pages\/526","targetHints":{"allow":["GET"]}}],"collection":[{"href":"https:\/\/indologia.uw.edu.pl\/en\/wp-json\/wp\/v2\/pages"}],"about":[{"href":"https:\/\/indologia.uw.edu.pl\/en\/wp-json\/wp\/v2\/types\/page"}],"author":[{"embeddable":true,"href":"https:\/\/indologia.uw.edu.pl\/en\/wp-json\/wp\/v2\/users\/2"}],"replies":[{"embeddable":true,"href":"https:\/\/indologia.uw.edu.pl\/en\/wp-json\/wp\/v2\/comments?post=526"}],"version-history":[{"count":6,"href":"https:\/\/indologia.uw.edu.pl\/en\/wp-json\/wp\/v2\/pages\/526\/revisions"}],"predecessor-version":[{"id":1793,"href":"https:\/\/indologia.uw.edu.pl\/en\/wp-json\/wp\/v2\/pages\/526\/revisions\/1793"}],"up":[{"embeddable":true,"href":"https:\/\/indologia.uw.edu.pl\/en\/wp-json\/wp\/v2\/pages\/28"}],"wp:attachment":[{"href":"https:\/\/indologia.uw.edu.pl\/en\/wp-json\/wp\/v2\/media?parent=526"}],"curies":[{"name":"wp","href":"https:\/\/api.w.org\/{rel}","templated":true}]}}