{"id":530,"date":"2025-03-28T13:05:01","date_gmt":"2025-03-28T12:05:01","guid":{"rendered":"https:\/\/indologia.uw.edu.pl\/nowa\/?page_id=530"},"modified":"2026-04-09T16:10:48","modified_gmt":"2026-04-09T14:10:48","slug":"danuta-stasik","status":"publish","type":"page","link":"https:\/\/indologia.uw.edu.pl\/en\/o-katedrze\/kadra\/danuta-stasik\/","title":{"rendered":"prof. zw. dr hab. Danuta Stasik"},"content":{"rendered":"<div class=\"wp-block-image\">\n<figure class=\"aligncenter size-full is-resized has-custom-border\" style=\"margin-bottom:50px\"><img loading=\"lazy\" decoding=\"async\" width=\"900\" height=\"599\" src=\"https:\/\/indologia.uw.edu.pl\/wp-content\/uploads\/2025\/04\/2.-Danuta-Stasik-2-1.jpeg\" alt=\"\" class=\"wp-image-1448\" style=\"border-radius:12px;aspect-ratio:1;object-fit:cover;width:300px\" srcset=\"https:\/\/indologia.uw.edu.pl\/wp-content\/uploads\/2025\/04\/2.-Danuta-Stasik-2-1.jpeg 900w, https:\/\/indologia.uw.edu.pl\/wp-content\/uploads\/2025\/04\/2.-Danuta-Stasik-2-1-300x200.jpeg 300w, https:\/\/indologia.uw.edu.pl\/wp-content\/uploads\/2025\/04\/2.-Danuta-Stasik-2-1-768x511.jpeg 768w, https:\/\/indologia.uw.edu.pl\/wp-content\/uploads\/2025\/04\/2.-Danuta-Stasik-2-1-360x240.jpeg 360w\" sizes=\"auto, (max-width: 900px) 100vw, 900px\" \/><\/figure>\n<\/div>\n\n\n<p class=\"has-text-align-center\">E-mail: d.stasik{at}uw.edu.pl<br>ORCID: <a href=\"https:\/\/orcid.org\/0000-0002-6885-9714\">orcid.org\/0000-0002-6885-9714<\/a><\/p>\n\n\n\n<h2 class=\"wp-block-heading has-text-align-center has-medium-font-size\">Position<\/h2>\n\n\n\n<p class=\"has-text-align-center\">profesor zw.<\/p>\n\n\n\n<h2 class=\"wp-block-heading has-text-align-center has-medium-font-size\">Research area<\/h2>\n\n\n\n<ul class=\"wp-block-list\">\n<li>The history of Hindi literature and literary criticism<\/li>\n\n\n\n<li>Early modern Hindi literary cultures (Avadhi and Braj)<\/li>\n\n\n\n<li>The <em>Ramayana <\/em>tradition in Hindi literature<\/li>\n\n\n\n<li>The cult of Rama (<em>R\u0101mbhakti<\/em>) in North India<\/li>\n\n\n\n<li>Spoken word - written word\/orature and literature<\/li>\n\n\n\n<li>The Indian diaspora in the West, particularly as represented in Hindi writing<\/li>\n<\/ul>\n\n\n\n<h2 class=\"wp-block-heading has-text-align-center has-black-color has-text-color has-link-color has-medium-font-size wp-elements-7a4d94497f4eaba5ce96fa38764c9c24\">Biographical data<\/h2>\n\n\n\n<ul class=\"wp-block-list\">\n<li>1984 \u2013 magister filologii orientalnej (indologia), Wydzia\u0142 Neofilologii, Instytut Orientalistyczny UW (<em>Imigrant indyjski jako uczestnik procesu zderzenia kultur na podstawie powie\u015bci Mahendra Bhalli \u201ePo drugiej stronie\u201d<\/em>)<\/li>\n\n\n\n<li>1990 \u2013 doktor nauk humanistycznych w zakresie literaturoznawstwa, Wydzia\u0142 Neofilologii, Instytut Orientalistyczny UW (<em>The Image of Culture Contact in Contemporary Hindi Literature; an Indian Immigrant in Great Britain, Canada and the United States<\/em>)<\/li>\n\n\n\n<li>Rok 2002 \u2013 doktor habilitowany nauk humanistycznych w zakresie literaturoznawstwa, Wydzia\u0142 Neofilologii UW (<em>Opowie\u015b\u0107 o prawym kr\u00f3lu. Tradycja Ramajany w j\u0119zyku hindi<\/em>, Wydawnictwo Akademickie DIALOG, 2000)<\/li>\n\n\n\n<li>2005 \u2013 profesor UW<\/li>\n\n\n\n<li>2010 \u2013 tytu\u0142 naukowy profesora<\/li>\n\n\n\n<li>2019 \u2013 profesor zwyczajny<\/li>\n<\/ul>\n\n\n\n<h2 class=\"wp-block-heading has-text-align-center has-medium-font-size\">Scholarships, fellowships<\/h2>\n\n\n\n<ul class=\"wp-block-list\">\n<li>1980-1981 \u2013 scholarship from the Government of India under the Polish\u2013Indian Cultural Agreement at the Central Institute of Hindi, New Delhi (India)<\/li>\n\n\n\n<li>1987 \u2013British Council scholarship at the University of Cambridge (Faculty of Oriental Studies), Visiting Scholar at Wolfson College (Cambridge, United Kingdom)<\/li>\n\n\n\n<li>1989 \u2013 visiting scholar w Wolfson College (Cambridge, Wlk. Brytania)<\/li>\n\n\n\n<li>1992 \u2013 visiting scholar w Wolfson College (Cambridge, Wlk. Brytania)<\/li>\n\n\n\n<li>1994 \u2013 University Grants Commission (India) scholarship<\/li>\n\n\n\n<li>1995 \u2013 visiting scholar at Wolfson College (Cambridge, United Kingdom)<\/li>\n\n\n\n<li>1999 \u2013 visiting scholar at Wolfson College (Cambridge, United Kingdom)<\/li>\n\n\n\n<li>2002 \u2013 research fellowship at Eberhard Karls Universit\u00e4t T\u00fcbingen under the DAAD Ostpartnerschaften programme<\/li>\n<\/ul>\n\n\n\n<h2 class=\"wp-block-heading has-text-align-center has-medium-font-size\">Positions held<\/h2>\n\n\n\n<ul class=\"wp-block-list\">\n<li>2002-2021 \u2013 Head of the Chair of South Asian Studies (2000-2001 Acting Head)<\/li>\n\n\n\n<li>2016-2012 \u2013\u00a0Vice President of the Polish Oriental Society (PTO)<\/li>\n\n\n\n<li>2016-2003 \u2013 Editor-in-Chief of \"Przegl\u0105d Orientalistyczny\", the journal of the Polish Oriental Society (PTO)<\/li>\n<\/ul>\n\n\n\n<p>Additionally<\/p>\n\n\n\n<ul class=\"wp-block-list\">\n<li>Member (re-elected) of the EASAS Executive Council (since 2023)<\/li>\n\n\n\n<li>2023-2018 \u2013 President of the European Association for South Asian Studies (EASAS)<\/li>\n\n\n\n<li>2017-2011 \u2013 Head of the CEENIS academic network (Central &amp; Eastern European Network of Indian Studies)<\/li>\n\n\n\n<li>2016-2010 \u2013 Member of the EASAS Executive Council<\/li>\n\n\n\n<li>2016-2010 \u2013 Editor-in-Chief of the series \"Collectanea Orientalia\u201d<\/li>\n\n\n\n<li>Member of the Committee of Oriental Studies of the Polish Academy of Sciences PAN (2007-2010, 2011-2014, 2015-2018)<\/li>\n\n\n\n<li>Member of the advisory boards of the journals \"Pandanus\" (Charles University in Prague) and \"Orientalia Vilniensia\" (Vilnius University)<\/li>\n<\/ul>\n\n\n\n<h2 class=\"wp-block-heading has-text-align-center has-medium-font-size\">Awards and Honours<\/h2>\n\n\n\n<ul class=\"wp-block-list\">\n<li>2026 \u2013 Wyr\u00f3\u017cnienie Rektora Uniwersytetu Warszawskiego<\/li>\n\n\n\n<li>2014 \u2013 \u201cBene Merito\u201d Honorary Badge (Ministry of Foreign Affairs)<\/li>\n\n\n\n<li>2009 \u2013 Dr George Grierson Award for 2007, presented by the President of India (Kendriya Hindi Sansthan)<\/li>\n\n\n\n<li>2008 \u2013 Medal of the National Education Commission<\/li>\n\n\n\n<li>2003 \u2013 Vishva Hindi Samman on the occasion of the 7th World Hindi Conference, Paramaribo, Surinam<\/li>\n\n\n\n<li>1999 \u2013\u00a0Vishva Hindi Samman on the occassion of the 6th World Hindi Conference, London, United Kingdom<\/li>\n\n\n\n<li>1993 \u2013 Award for Excellence given by the Indo-Polish Association in New Delhi, India<\/li>\n<\/ul>\n\n\n\n<h2 class=\"wp-block-heading has-text-align-center has-medium-font-size\"><strong>Membership<\/strong><\/h2>\n\n\n\n<ul class=\"wp-block-list\">\n<li>European Association for South Asian Studies (<a href=\"http:\/\/www.easas.eu\/\">www.easas.eu<\/a>)<\/li>\n\n\n\n<li>Polish Oriental Society (PTO) (<a href=\"http:\/\/pto.orient.uw.edu.pl\/\">pto.orient.uw.edu.pl<\/a>)<\/li>\n<\/ul>\n\n\n\n<h2 class=\"wp-block-heading has-text-align-center has-medium-font-size\"><strong>Main publications<\/strong><\/h2>\n\n\n\n<h3 class=\"wp-block-heading has-text-align-center has-medium-font-size\"><strong>Single-author monographs<\/strong><\/h3>\n\n\n\n<ul class=\"wp-block-list\">\n<li><em>The Infinite Story. The Past and Present of the R\u0101m\u0101ya\u1e47a Tradition in Hindi Literature<\/em>, Manohar, New Delhi 2009, 319 pages.<\/li>\n\n\n\n<li><em>J\u0119zyk hindi<\/em>, Wydawnictwo Akademickie DIALOG, 2nd ed., Warszawa 2008, 216 pages.<\/li>\n\n\n\n<li><em>Podr\u0119cznik j\u0119zyka hindi. Cz. 1<\/em>, Wydawnictwo Akademickie DIALOG, 4th ed., Warszawa 2007, 245 pages.<\/li>\n\n\n\n<li><em>Opowie\u015b\u0107 o prawym kr\u00f3lu. Tradycja Ramajany w literaturze hindi<\/em>, Wydawnictwo Naukowe DIALOG, Warszawa 2000, 350 pages.<\/li>\n\n\n\n<li><em>Podr\u0119cznik j\u0119zyka hindi. Cz. II<\/em>, Wydawnictwo Akademickie DIALOG, 3rd ed., Warszawa 2012, 246 pages.<\/li>\n\n\n\n<li><em>Out of India. Image of the West in Hindi Literature<\/em>, Manohar, New Delhi 1994, 132 pages.<\/li>\n<\/ul>\n\n\n\n<h3 class=\"wp-block-heading has-text-align-center has-medium-font-size\">Co-authored monographs<\/h3>\n\n\n\n<h4 class=\"wp-block-heading has-text-align-center\" style=\"font-size:18px\"><strong>with Tatiana Rutkowska<\/strong><\/h4>\n\n\n\n<ul class=\"wp-block-list\">\n<li><em>Zarys historii literatury hindi<\/em>, Wydawnictwa Naukowe UW, Warszawa 1992, 236 pages.<\/li>\n<\/ul>\n\n\n\n<h3 class=\"wp-block-heading has-text-align-center has-medium-font-size\">Edited and co-edited books<\/h3>\n\n\n\n<ul class=\"wp-block-list\">\n<li><em>Oral\u2013Written\u2013Performed: The R\u0101m\u0101ya\u1e47a Narratives in Indian Literature and Arts<\/em>, CrossAsia (HASP), Heidelberg 2020. <a href=\"https:\/\/hasp.ub.uni-heidelberg.de\/catalog\/book\/530\" data-type=\"link\" data-id=\"https:\/\/hasp.ub.uni-heidelberg.de\/catalog\/book\/530\">https:\/\/hasp.ub.uni-heidelberg.de\/catalog\/book\/530<\/a><\/li>\n\n\n\n<li><em>Polish Contributions to South Asian <\/em>Studies, Dom Wydawniczy ELIPSA, Warszawa 2017.<\/li>\n<\/ul>\n\n\n\n<h4 class=\"wp-block-heading has-text-align-center\" style=\"font-size:18px\"><strong>with Imre Bangha<\/strong><\/h4>\n\n\n\n<ul class=\"wp-block-list\">\n<li><em>Literary Cultures in Early Modern North India: Current Research<\/em>, Oxford University Press, Oxford 2024. <a href=\"https:\/\/academic.oup.com\/book\/58024\">academic.oup.com\/book\/58024<\/a><\/li>\n<\/ul>\n\n\n\n<h4 class=\"wp-block-heading has-text-align-center\" style=\"font-size:18px\"><strong>with Anna Trynkowska<\/strong><\/h4>\n\n\n\n<ul class=\"wp-block-list\">\n<li><em>Striving for Harmony in Indian Culture and Society<\/em>, Dom Wydawniczy ELIPSA, Warszawa 2025.<\/li>\n\n\n\n<li><em>War and Peace in Indian Literature and Society<\/em>, Dom Wydawniczy ELIPSA, Warszawa 2019.<\/li>\n\n\n\n<li><em>Journeys and Travellers in Indian Literature and Art<\/em>, 2 tomy, Dom Wydawniczy ELIPSA, Warszawa 2018.<\/li>\n\n\n\n<li><em>CEENIS Current Research Series. Vol. 1<\/em>, Dom Wydawniczy ELIPSA, Warszawa 2013.<\/li>\n\n\n\n<li><em>The City and the Forest in Indian Literature and Art<\/em>, Dom Wydawniczy ELIPSA, Warszawa 2010.<\/li>\n\n\n\n<li><em>Teaching on India in Central and Eastern Europe<\/em>, Dom Wydawniczy ELIPSA, Warszawa 2007.<\/li>\n\n\n\n<li><em>India in Warsaw. Indie w Warszawie<\/em>,<em> A Volume to Commemorate the 50th Anniversary of the Post\u2013War History of Indological Studies at Warsaw University (2003\/2004)<\/em>, Dom Wydawniczy ELIPSA, Warszawa 2006.<\/li>\n<\/ul>\n\n\n\n<h4 class=\"wp-block-heading has-text-align-center\" style=\"font-size:18px\"><strong>with Jacek Wo\u017aniak<\/strong><\/h4>\n\n\n\n<ul class=\"wp-block-list\">\n<li><em>Tamil in Warsaw. Celebrating the 40th Anniversary of Tamil Studies at the University of Warsaw (2012\/2013)<\/em>, Dom Wydawniczy ELIPSA, Warszawa 2014.<\/li>\n<\/ul>\n\n\n\n<h4 class=\"wp-block-heading has-text-align-center\" style=\"font-size:18px\"><strong>with John Brockington<\/strong><\/h4>\n\n\n\n<ul class=\"wp-block-list\">\n<li><em>Indian Epic Traditions: Past and Present<\/em>, \u201eRocznik Orientalistyczny\u201d, t. 54, z. 1, PWN, Warszawa 2002. <a href=\"https:\/\/dspace.uni.lodz.pl\/xmlui\/handle\/11089\/4230\" data-type=\"link\" data-id=\"https:\/\/dspace.uni.lodz.pl\/xmlui\/handle\/11089\/4230\">https:\/\/dspace.uni.lodz.pl\/xmlui\/handle\/11089\/4230<\/a><\/li>\n<\/ul>\n\n\n\n<h3 class=\"wp-block-heading has-text-align-center has-medium-font-size\"><strong>Translations<\/strong><\/h3>\n\n\n\n<ul class=\"wp-block-list\">\n<li>Mangle\u015b Dabral, <em>Wiersze<\/em> \u2013 from Hindi,\u00a0\u201ePrzegl\u0105d Orientalistyczny\u201d, no. 3\u20134 (259\u2013260), 2016, pp. 381\u2013387.  <\/li>\n\n\n\n<li>Kunwar Narajan <em>Wiersze<\/em> \u2013 a bilingual collection of Hindi poetry with Polish translations, Wydawnictwo Akademickie DIALOG, 2013, 189 pages.<\/li>\n\n\n\n<li>Agjej, <em>\u015amiech \u015aanti<\/em> \u2013 from Hindi, \u201ePrzegl\u0105d Orientalistyczny\u201d, no. 1\u20132 (241\u2013242), 2012, pp. 93\u201395.<\/li>\n\n\n\n<li>Fez Ahmad Fez (Faiz Ahmad Faiz), <em>Muzyka Szopena gra<\/em> g \u2013 from Urdu, \u201ePrzegl\u0105d Orientalistyczny\u201d, no. 1\u20132 (232\u2013233), 2010, p. 90.<\/li>\n\n\n\n<li>A.K. Mehrotra, <em>Przedmowa redaktora<\/em> and <em>Wst\u0119p<\/em> \u2013 from English, A.K. Mehrotra (ed.), <em>Historia angloj\u0119zycznej literatury indyjskiej<\/em>, Wydawnictwo Akademickie DIALOG, 2007, pp. 7\u201347.<\/li>\n\n\n\n<li>Agjej, <em>Wiersze <\/em>\u2013 from Hindi,\u00a0\u201ePrzegl\u0105d Orientalistyczny\u201d, no. 1\u20132 (212\u2013213), 2005, pp. 95\u201398.<\/li>\n\n\n\n<li>Anita Rau Badami, <em>Prawdziwy bohater<\/em> \u2013 from English, Wydawnictwo Akademickie DIALOG, Warszawa 2004, 374 pages.<\/li>\n\n\n\n<li><em>Ze wsp\u00f3\u0142czesnej poezji hindi (wiersze Kunwara Narajana i A\u015boka Wad\u017apeji)<\/em> \u2013 from Hindi, \u201ePrzegl\u0105d Orientalistyczny\u201d, no. 34 (202\u2013203), 2002, pp. 208\u2013212.<\/li>\n\n\n\n<li><em>Kabir<\/em>, in <em>Praktyki religijne w Indiach<\/em>, Wydawnictwo Akademickie DIALOG, Warszawa 2001, pp. 97\u2013116 , Wydawnictwo Akademickie DIALOG, Warszawa 2001, pp. 97\u2013116 (additionally, Indological editing of the volume) (from the English language).<\/li>\n\n\n\n<li><em>Mangle\u015b Dabral: Wiersze<\/em> \u2013 from Hindi, \u201eOdra\u201d, no. 2, 1996, pp. 59\u201360.<\/li>\n<\/ul>\n\n\n\n<p>In addition, more <strong>than 60 articles and book chapters<\/strong> published in magazines and books (in English, Polish, and Hindi). The most recent among them include:<\/p>\n\n\n\n<p class=\"has-text-align-center\"><strong>Chapters in monographs<\/strong><\/p>\n\n\n\n<ul class=\"wp-block-list\">\n<li><em>From Lueven to 1979 to Osaka 2022, or a Note on the History of ICEMLNI<\/em>, in&nbsp;<em>Early Modern Literatures of North India: Current Research 2022-2024<\/em>, Hiroko Nagasaki, Monika Horstmann, Kiyokazu Okita (eds), Heidelberg Asian Studies Publishing, Heidelberg 2025, pp. 17-30. <a href=\"https:\/\/hasp.ub.uni-heidelberg.de\/catalog\/book\/1553\/chapter\/22773\" data-type=\"link\" data-id=\"https:\/\/hasp.ub.uni-heidelberg.de\/catalog\/book\/1553\/chapter\/22773\">https:\/\/hasp.ub.uni-heidelberg.de\/catalog\/book\/1553\/chapter\/22773<\/a><\/li>\n\n\n\n<li><em>Introduction: Striving for Harmony in Form and Matter<\/em>, in <em>Striving for Harmony in Indian Culture and Society<\/em>, pod red. D. Stasik i A. Trynkowskiej, Dom Wydawniczy i Handlowy ELIPSA, Warszawa 2025, s. 7\u201312.<\/li>\n\n\n\n<li><em>The Hindi Noun <\/em>s\u0101ma\u00f1jasya<em>: Harmony of Meanings in Culture?<\/em>, in <em>Striving for Harmony in Indian Culture and Society<\/em>, D. Stasik, A. Trynkowska (eds), Dom Wydawniczy ELIPSA, Warszawa 2025, pp. 181-196.<\/li>\n<\/ul>\n\n\n\n<p class=\"has-text-align-center\"><strong>Articles<\/strong><\/p>\n\n\n\n<ul class=\"wp-block-list\">\n<li><em>Poetry on Combat for Secularism and Democracy. Witnessing Ayodhya 1992<\/em>, \"Cracow Indological Studies\u201d, vol. 27, no. 1, 2025, pp. 123-138. <a href=\"https:\/\/doi.org\/10.12797\/CIS.27.2025.01.06\">https:\/\/doi.org\/10.12797\/CIS.27.2025.01.06<\/a><\/li>\n<\/ul>\n\n\n\n<h3 class=\"wp-block-heading has-text-align-center has-medium-font-size\"><strong>Guest lectures and seminars<\/strong><\/h3>\n\n\n\n<p>Banaras Hindu University (Varanasi, India), Eberhard Karls University of T\u00fcbingen (RFN), Free University of Berlin (RFN), Humboldt University of Berlin (RFN), Indira Gandhi National Open University (New Delhi, India), Jamia Millia Islamia (New Delhi, India), Jawaharlal Nehru University (New Delhi, India), MS University of Baroda (India), Pakistan Academy of Letters (Pakistan), Pekin University (China), Sahitya Akademi (Delhi, India), University of Allahabad (India), University of Bonn (RFN), University of Cambridge (United Kingdom), University of Delhi (India), University of Hamburg (RFN), University of Hyderabad (India), University of Lausanne (Switzerland), University of Vienna (Austria), Uppsala University (Sweden), Vilnius University (Lithuania).<\/p>","protected":false},"excerpt":{"rendered":"<p>E-mail: d.stasik{at}uw.edu.plORCID: orcid.org\/0000-0002-6885-9714 Stanowisko profesor zw. Kierunek bada\u0144 Dane biograficzne Stypendia, sta\u017ce naukowe Pe\u0142nione funkcje Ponadto Nagrody, wyr\u00f3\u017cnienia Cz\u0142onkostwo G\u0142\u00f3wne publikacje Monografie autorskie Monografie wsp\u00f3\u0142autorskie z Tatian\u0105 Rutkowsk\u0105 Redakcja i wsp\u00f3\u0142redakcja: z Imre Bangha: z Ann\u0105 Trynkowsk\u0105: z Jackiem Wo\u017aniakiem: z Johnem Brockingtonem: Przek\u0142ady Ponadto ponad 60 artyku\u0142\u00f3w i rozdzia\u0142\u00f3w [&hellip;]<\/p>\n","protected":false},"author":2,"featured_media":1136,"parent":28,"menu_order":0,"comment_status":"closed","ping_status":"closed","template":"","meta":{"_themeisle_gutenberg_block_has_review":false,"footnotes":""},"class_list":["post-530","page","type-page","status-publish","has-post-thumbnail","hentry"],"_links":{"self":[{"href":"https:\/\/indologia.uw.edu.pl\/en\/wp-json\/wp\/v2\/pages\/530","targetHints":{"allow":["GET"]}}],"collection":[{"href":"https:\/\/indologia.uw.edu.pl\/en\/wp-json\/wp\/v2\/pages"}],"about":[{"href":"https:\/\/indologia.uw.edu.pl\/en\/wp-json\/wp\/v2\/types\/page"}],"author":[{"embeddable":true,"href":"https:\/\/indologia.uw.edu.pl\/en\/wp-json\/wp\/v2\/users\/2"}],"replies":[{"embeddable":true,"href":"https:\/\/indologia.uw.edu.pl\/en\/wp-json\/wp\/v2\/comments?post=530"}],"version-history":[{"count":87,"href":"https:\/\/indologia.uw.edu.pl\/en\/wp-json\/wp\/v2\/pages\/530\/revisions"}],"predecessor-version":[{"id":2512,"href":"https:\/\/indologia.uw.edu.pl\/en\/wp-json\/wp\/v2\/pages\/530\/revisions\/2512"}],"up":[{"embeddable":true,"href":"https:\/\/indologia.uw.edu.pl\/en\/wp-json\/wp\/v2\/pages\/28"}],"wp:featuredmedia":[{"embeddable":true,"href":"https:\/\/indologia.uw.edu.pl\/en\/wp-json\/wp\/v2\/media\/1136"}],"wp:attachment":[{"href":"https:\/\/indologia.uw.edu.pl\/en\/wp-json\/wp\/v2\/media?parent=530"}],"curies":[{"name":"wp","href":"https:\/\/api.w.org\/{rel}","templated":true}]}}