{"id":634,"date":"2025-03-28T17:06:02","date_gmt":"2025-03-28T16:06:02","guid":{"rendered":"https:\/\/indologia.uw.edu.pl\/nowa\/?page_id=634"},"modified":"2025-10-14T16:51:05","modified_gmt":"2025-10-14T14:51:05","slug":"weronika-rokicka","status":"publish","type":"page","link":"https:\/\/indologia.uw.edu.pl\/en\/o-katedrze\/kadra\/weronika-rokicka\/","title":{"rendered":"Dr. Weronika Rokicka"},"content":{"rendered":"<div class=\"wp-block-image\">\n<figure class=\"aligncenter size-medium is-resized has-custom-border\" style=\"margin-bottom:50px\"><img loading=\"lazy\" decoding=\"async\" width=\"216\" height=\"300\" src=\"https:\/\/indologia.uw.edu.pl\/wp-content\/uploads\/2025\/03\/11.-Weronika_Rokicka-2-216x300.jpg\" alt=\"\" class=\"wp-image-549\" style=\"border-radius:12px;aspect-ratio:1;object-fit:cover;width:300px\"\/><\/figure>\n<\/div>\n\n\n<p class=\"has-text-align-center\">E-mail: w.rokicka{at}uw.edu.pl<br>ORCID: <a href=\"https:\/\/orcid.org\/0000-0002-5207-8286\">orcid.org\/0000-0002-5207-8286<\/a><\/p>\n\n\n\n<h2 class=\"wp-block-heading has-text-align-center has-medium-font-size\">Position<\/h2>\n\n\n\n<ul class=\"wp-block-list\">\n<li>Assistant Professor<\/li>\n\n\n\n<li>Assistant (2014-2018)<\/li>\n<\/ul>\n\n\n\n<h2 class=\"wp-block-heading has-text-align-center has-medium-font-size\">Research area<\/h2>\n\n\n\n<ul class=\"wp-block-list\">\n<li>Literary Studies<\/li>\n\n\n\n<li>Travel literature of India<\/li>\n\n\n\n<li>Bengali literature, with a special focus on collective memory and the construction of historical imagery through literary works&nbsp;<\/li>\n\n\n\n<li>History<\/li>\n<\/ul>\n\n\n\n<h2 class=\"wp-block-heading has-text-align-center has-medium-font-size\">Biographical data<\/h2>\n\n\n\n<ul class=\"wp-block-list\">\n<li>2009 \u2013 magister kulturoznawstwa \u2013 indologii, Wydzia\u0142 Orientalistyczny UW (<em>Historia walki ch\u0142op\u00f3w w Bengalu Zachodnim od czasu odzyskania przez Indie niepodleg\u0142o\u015bci \u2013 na podstawie powie\u015bci manifestu Mahaswety Devi Apare\u015ban Basai Tudu<\/em>)<\/li>\n\n\n\n<li>2010 \u2013 magister w zakresie nauk politycznych, Wydzia\u0142 Dziennikarstwa i Nauk Politycznych UW (obecnie Wydzia\u0142 Nauk Politycznych i Stosunk\u00f3w Mi\u0119dzynarodowych)<\/li>\n\n\n\n<li>2014 \u2013 doktor nauk humanistycznych w zakresie literaturoznawstwa-indologii, Wydzia\u0142 Orientalistyczny UW (<em>Ruch naksalit\u00f3w (1967-1972) i jego obraz w literaturze bengalskiej<\/em>)<\/li>\n<\/ul>\n\n\n\n<h2 class=\"wp-block-heading has-text-align-center has-medium-font-size\">Scholarships, fellowships<\/h2>\n\n\n\n<ul class=\"wp-block-list\">\n<li>2006-2007 \u2013 stypendium rz\u0105du indyjskiego (ICCR) na Uniwersytecie Rabindra Bharati w Kalkucie (Indie)&nbsp;<\/li>\n\n\n\n<li>2010-2011 \u2013 stypendium Erasmus Mundus na Uniwersytecie Tribhuvan w Kathmandu (Nepal)<\/li>\n<\/ul>\n\n\n\n<h2 class=\"wp-block-heading has-text-align-center has-medium-font-size\">Positions held<\/h2>\n\n\n\n<ul class=\"wp-block-list\">\n<li>od 2018 \u2013 opiekunka ko\u0142a naukowego student\u00f3w indologii<\/li>\n\n\n\n<li>2020-2024 \u2013 opiekunka student\u00f3w indologii&nbsp;<\/li>\n\n\n\n<li>2020-2024 \u2013 cz\u0142onkini Komisji Dydaktycznej i Zapewniania Jako\u015bci Kszta\u0142cenia<\/li>\n\n\n\n<li>od 2020 \u2013 cz\u0142onkini Rady Dydaktycznej i Rady Wydzia\u0142u WO<\/li>\n<\/ul>\n\n\n\n<h2 class=\"wp-block-heading has-text-align-center has-medium-font-size\">Main publications<\/h2>\n\n\n\n<p class=\"has-text-align-center\"><strong>Monographs<\/strong><\/p>\n\n\n\n<ul class=\"wp-block-list\">\n<li><em>Do\u015bwiadczy\u0107 nowoczesno\u015bci. Relacje Indus\u00f3w z podr\u00f3\u017cy po Europie 1858-1991<\/em>, Wydawnictwa Uniwersytetu Warszawskiego, Warszawa 2025, 236 stron.<\/li>\n<\/ul>\n\n\n\n<h3 class=\"wp-block-heading has-text-align-center has-medium-font-size\">Chapters in monographs<\/h3>\n\n\n\n<ul class=\"wp-block-list\">\n<li><em>In Search of Peace 70 Years after the Partition of India: Postmemory and Reconciliation in Travelogues by Bishwanath Ghosh and Salman Rashid<\/em>, in <em>Striving for Harmony in Indian Culture and Society<\/em>, pod red. D. Stasik, A. Trynkowskiej, Dom Wydawniczy ELIPSA, Warszawa 2025, s. 272-282.<\/li>\n\n\n\n<li><em>Bengali Travel Writers of the Mid-20th Century in Search of an Asian Identity<\/em>, in <em>Liminal Spaces, and Identity Transformations in South Asian Literatures and Arts<\/em>, pod red. Paola Maria Rossi, Milano University Press (Universit\u00e0 degli Studi Milano), Milano 2023, s. 305-318. <a href=\"https:\/\/doi.org\/10.5281\/zenodo.8337267\">doi.org\/10.5281\/zenodo.8337267<\/a><\/li>\n\n\n\n<li><em>A Quest for Freedom: An Indian Female Traveller\u2019s Struggles in Nabaneeta Dev Sen\u2019s Travel Writings<\/em>, in <em>Crossroads of Liberty. Asian, African and European Literature Towards Freedom and Oppression<\/em>, pod red. A. Bednarczyka, M. Kubarek, M. Lewickiej, M. Szatkowskiego, Dom Wydawniczy ELIPSA, Warszawa 2021, s. 169-178.<\/li>\n<\/ul>\n\n\n\n<h3 class=\"wp-block-heading has-text-align-center has-medium-font-size\">Articles<\/h3>\n\n\n\n<ul class=\"wp-block-list\">\n<li><em>Gentle Violence. Bengali Middle Class Women Living Under Patriarchy in Bani Basu\u2019s Novels<\/em>, \u201eCracow Indological Studies\u201d, t. 27, nr 1, 2025, s. 91-106. <a href=\"https:\/\/doi.org\/10.12797\/CIS.27.2025.01.04\">https:\/\/doi.org\/10.12797\/CIS.27.2025.01.04<\/a><\/li>\n\n\n\n<li><em>India in Bengali Travel Writing on Russia in the Twentieth Century: Travelling the world, writing about home<\/em>, \u201cSouth Asia Research\u201d, t. 44.1, February 2024, s. 107-119. <a href=\"https:\/\/doi.org\/10.1177\/02627280231215472\">doi.org\/10.1177\/02627280231215472<\/a><\/li>\n\n\n\n<li><em>The Periphery of the USSR: Indian Travellers\u2019 Perception of the Eastern Bloc and Non-Russian Soviet Republics in the Cold War Era<\/em>, \u201cActa Baltico-Slavica\u201d, t. 47\/2023, s. 1-14. <a href=\"http:\/\/doi.org\/10.11649\/abs.2958\">doi.org\/10.11649\/abs.2958<\/a><\/li>\n\n\n\n<li><em>Bengali Travel Writings on Soviet Russia in the Cold War era<\/em>, &#8222;Studies in Travel Writing&#8221;, 24, 4 (December 2020), s. 352-365. <a href=\"https:\/\/doi.org\/10.1080\/13645145.2021.1943817\">doi.org\/10.1080\/13645145.2021.1943817<\/a><\/li>\n\n\n\n<li><em>Obraz Europy i Indii ko\u0144ca lat 20. XX wieku w relacji z podr\u00f3\u017cy Annada Shankara Raya &#8222;W drodze i na obczy\u017anie&#8221;<\/em>, \u201ePrzegl\u0105d Orientalistyczny\u201d, t. 270, nr 2\/2019, s. 147-156.<\/li>\n<\/ul>\n\n\n\n<h3 class=\"wp-block-heading has-text-align-center has-medium-font-size\">Popular science publications<\/h3>\n\n\n\n<ul class=\"wp-block-list\">\n<li><em>Indie. Kraj miliarda marze\u0144<\/em>, Wydawnictwo Otwarte \u2013 Szczeliny, Krak\u00f3w 2022, 379 stron.<\/li>\n\n\n\n<li><em>Indyjska mozaika filmowa<\/em>, \u201eEkrany\u201d, nr 3(67)\/2023, <a href=\"https:\/\/ekrany.org.pl\/kino_wspolczesne\/indyjska-mozaika-filmowa\/\">ekrany.org.pl\/kino_wspolczesne\/indyjska-mozaika-filmowa\/<\/a><\/li>\n\n\n\n<li><em>Drzewo do nieba<\/em>, \u201ePrzekr\u00f3j\u201d, nr 1\/2025.<\/li>\n<\/ul>\n\n\n\n<p><\/p>","protected":false},"excerpt":{"rendered":"<p>E-mail: w.rokicka{at}uw.edu.plORCID: orcid.org\/0000-0002-5207-8286 Stanowisko Kierunek bada\u0144 Dane biograficzne Stypendia, sta\u017ce naukowe Pe\u0142nione funkcje G\u0142\u00f3wne publikacje Monografie Rozdzia\u0142y w monografiach Artyku\u0142y w czasopismach Publikacje popularnonaukowe<\/p>","protected":false},"author":2,"featured_media":0,"parent":28,"menu_order":0,"comment_status":"closed","ping_status":"closed","template":"","meta":{"_themeisle_gutenberg_block_has_review":false,"footnotes":""},"class_list":["post-634","page","type-page","status-publish","hentry"],"_links":{"self":[{"href":"https:\/\/indologia.uw.edu.pl\/en\/wp-json\/wp\/v2\/pages\/634","targetHints":{"allow":["GET"]}}],"collection":[{"href":"https:\/\/indologia.uw.edu.pl\/en\/wp-json\/wp\/v2\/pages"}],"about":[{"href":"https:\/\/indologia.uw.edu.pl\/en\/wp-json\/wp\/v2\/types\/page"}],"author":[{"embeddable":true,"href":"https:\/\/indologia.uw.edu.pl\/en\/wp-json\/wp\/v2\/users\/2"}],"replies":[{"embeddable":true,"href":"https:\/\/indologia.uw.edu.pl\/en\/wp-json\/wp\/v2\/comments?post=634"}],"version-history":[{"count":17,"href":"https:\/\/indologia.uw.edu.pl\/en\/wp-json\/wp\/v2\/pages\/634\/revisions"}],"predecessor-version":[{"id":2305,"href":"https:\/\/indologia.uw.edu.pl\/en\/wp-json\/wp\/v2\/pages\/634\/revisions\/2305"}],"up":[{"embeddable":true,"href":"https:\/\/indologia.uw.edu.pl\/en\/wp-json\/wp\/v2\/pages\/28"}],"wp:attachment":[{"href":"https:\/\/indologia.uw.edu.pl\/en\/wp-json\/wp\/v2\/media?parent=634"}],"curies":[{"name":"wp","href":"https:\/\/api.w.org\/{rel}","templated":true}]}}