{"id":711,"date":"2025-04-03T13:57:07","date_gmt":"2025-04-03T11:57:07","guid":{"rendered":"https:\/\/indologia.uw.edu.pl\/nowa\/?page_id=711"},"modified":"2025-11-25T19:46:36","modified_gmt":"2025-11-25T18:46:36","slug":"przepisy-ogolne-i-regulaminy","status":"publish","type":"page","link":"https:\/\/indologia.uw.edu.pl\/en\/dla-studentow\/przepisy-ogolne-i-regulaminy\/","title":{"rendered":"General Provisions and Regulations"},"content":{"rendered":"<h2 class=\"wp-block-heading has-medium-font-size\">General provisions:<\/h2>\n\n\n\n<ol class=\"wp-block-list\">\n<li><a href=\"https:\/\/indologia.uw.edu.pl\/wp-content\/uploads\/2025\/04\/Regulamin-studiow-UW.pdf\" data-type=\"attachment\" data-id=\"725\">University of Warsaw Study Regulations<\/a><\/li>\n\n\n\n<li><a href=\"https:\/\/indologia.uw.edu.pl\/wp-content\/uploads\/2025\/04\/M.2020.53.Zarz_.20.pdf\" data-type=\"attachment\" data-id=\"724\">Regulamin Wydzia\u0142u Kultur Azji i Afryki<\/a><\/li>\n\n\n\n<li>General provisions can be found on the website: <a href=\"https:\/\/orient.uw.edu.pl\/studia-przepisy-ogolne\/\">https:\/\/orient.uw.edu.pl\/studia-przepisy-ogolne\/<\/a><\/li>\n\n\n\n<li><a href=\"https:\/\/indologia.uw.edu.pl\/wp-content\/uploads\/2025\/04\/UCHWALA-NR-98-w-sprawie-korzystania-z-SI.pdf\" data-type=\"attachment\" data-id=\"726\">UCHWA\u0141A NR 98&nbsp; w sprawie korzystania z SI<\/a><\/li>\n<\/ol>\n\n\n\n<h2 class=\"wp-block-heading has-medium-font-size\">Detailed provisions:<\/h2>\n\n\n\n<ol class=\"wp-block-list\">\n<li><a href=\"https:\/\/indologia.uw.edu.pl\/wp-content\/uploads\/2025\/04\/zarzadzenie_2_2021onieobecnosciach.pdf\" data-type=\"attachment\" data-id=\"727\">Zarz\u0105dzenie nr 2 KJD WO UW&nbsp; \u2013 o dopuszczalnej liczbie nieobecno\u015bci na zaj\u0119ciach<\/a><\/li>\n\n\n\n<li><a href=\"https:\/\/indologia.uw.edu.pl\/wp-content\/uploads\/2025\/04\/Zarzadzenie_4_KJD_warunek-po-sem1.pdf\" data-type=\"attachment\" data-id=\"728\">Zarz\u0105dzenie nr 4 KJD WO UW&nbsp; \u2013 o zasadach zaliczania przedmiot\u00f3w niezaliczonych w semestrze zimowym<\/a><\/li>\n\n\n\n<li><a href=\"https:\/\/indologia.uw.edu.pl\/wp-content\/uploads\/2025\/04\/Zarzadzenie-28-KJD-WO-Wyjazdy.pdf\" data-type=\"attachment\" data-id=\"729\">Zarz\u0105dzenie nr 28 KJD WO UW \u2013 wyjazdy zagraniczne student\u00f3w i studentek WO UW<\/a><\/li>\n\n\n\n<li><a href=\"https:\/\/indologia.uw.edu.pl\/wp-content\/uploads\/2025\/11\/Uchwala-nr-13_2025.pdf\" data-type=\"attachment\" data-id=\"2342\">Uchwa\u0142a RD nr 13\/2025 \u2013 wpis warunkowy dla indologii<\/a><\/li>\n\n\n\n<li><a href=\"https:\/\/indologia.uw.edu.pl\/wp-content\/uploads\/2025\/11\/Zarzadzenie.-dla-indologii.-ZIP.2025.pdf\" data-type=\"attachment\" data-id=\"2348\">Zarz\u0105dzenie KJD WKAiA UW \u2013 przyporz\u0105dkowanie zaj\u0119\u0107 do kompetencji dla indologii ZIP<\/a> <\/li>\n<\/ol>\n\n\n\n<h2 class=\"wp-block-heading has-medium-font-size\">Resolutions concerning Indology<\/h2>\n\n\n\n<ul class=\"wp-block-list\">\n<li><a href=\"https:\/\/orient.uw.edu.pl\/studia\/rada-dydaktyczna\/uchwaly\/\">orient.uw.edu.pl\/studia\/rada-dydaktyczna\/uchwaly\/<\/a><\/li>\n<\/ul>","protected":false},"excerpt":{"rendered":"<p>Przepisy og\u00f3lne: Przepisy szczeg\u00f3\u0142owe: Uchwa\u0142y dotycz\u0105ce indologii<\/p>","protected":false},"author":2,"featured_media":1090,"parent":31,"menu_order":0,"comment_status":"closed","ping_status":"closed","template":"","meta":{"_themeisle_gutenberg_block_has_review":false,"footnotes":""},"class_list":["post-711","page","type-page","status-publish","has-post-thumbnail","hentry"],"_links":{"self":[{"href":"https:\/\/indologia.uw.edu.pl\/en\/wp-json\/wp\/v2\/pages\/711","targetHints":{"allow":["GET"]}}],"collection":[{"href":"https:\/\/indologia.uw.edu.pl\/en\/wp-json\/wp\/v2\/pages"}],"about":[{"href":"https:\/\/indologia.uw.edu.pl\/en\/wp-json\/wp\/v2\/types\/page"}],"author":[{"embeddable":true,"href":"https:\/\/indologia.uw.edu.pl\/en\/wp-json\/wp\/v2\/users\/2"}],"replies":[{"embeddable":true,"href":"https:\/\/indologia.uw.edu.pl\/en\/wp-json\/wp\/v2\/comments?post=711"}],"version-history":[{"count":9,"href":"https:\/\/indologia.uw.edu.pl\/en\/wp-json\/wp\/v2\/pages\/711\/revisions"}],"predecessor-version":[{"id":2350,"href":"https:\/\/indologia.uw.edu.pl\/en\/wp-json\/wp\/v2\/pages\/711\/revisions\/2350"}],"up":[{"embeddable":true,"href":"https:\/\/indologia.uw.edu.pl\/en\/wp-json\/wp\/v2\/pages\/31"}],"wp:featuredmedia":[{"embeddable":true,"href":"https:\/\/indologia.uw.edu.pl\/en\/wp-json\/wp\/v2\/media\/1090"}],"wp:attachment":[{"href":"https:\/\/indologia.uw.edu.pl\/en\/wp-json\/wp\/v2\/media?parent=711"}],"curies":[{"name":"wp","href":"https:\/\/api.w.org\/{rel}","templated":true}]}}